{"id":973,"date":"2020-02-07T13:23:14","date_gmt":"2020-02-07T12:23:14","guid":{"rendered":"https:\/\/starymlynswidnica.pl\/restauracja\/?page_id=973"},"modified":"2022-07-06T08:44:19","modified_gmt":"2022-07-06T06:44:19","slug":"twoja-impreza","status":"publish","type":"page","link":"https:\/\/starymlynswidnica.pl\/restauracja\/twoja-impreza\/","title":{"rendered":"O nas"},"content":{"rendered":"<p>[vc_row full_width=&#8221;stretch_row&#8221; parallax=&#8221;content-moving&#8221; parallax_image=&#8221;1093&#8243; parallax_speed_bg=&#8221;3.5&#8243; overlay_color=&#8221;rgba(0,0,0,0.68)&#8221;][vc_column width=&#8221;1\/6&#8243;][\/vc_column][vc_column width=&#8221;2\/3&#8243;][vc_empty_space height=&#8221;300px&#8221;]<div class=\"text-center page-header id_169f6447385f522135069946 animate-text alt-h\"><div style=\"color: #ffffff\"><\/p>\n<h2>O nas \/ dodatkowe atrakcje<\/h2>\n<p><\/div><div class=\"post-meta\">\n\t\t\t\t\t<ul>\n\t\t\t\t\t\t<li>Share on:<\/li>\n\t\t\t\t\t\t<li><a href=\"https:\/\/www.facebook.com\/sharer\/sharer.php?u=https%3A%2F%2Fstarymlynswidnica.pl%2Frestauracja%2Ftwoja-impreza%2F\" class=\"no-rd social-share link-hover\" data-djax-exclude=\"true\">Facebook<\/a><\/li>\n\t\t<li><a href=\"https:\/\/www.twitter.com\/share?text=O+nas\" class=\"no-rd social-share link-hover\" data-djax-exclude=\"true\">Twitter<\/a><\/li>\n\t\t\n\t\t\n\t\t<li><a href=\"https:\/\/pinterest.com\/pin\/create\/bookmarklet\/?media=&#038;url=https%3A%2F%2Fstarymlynswidnica.pl%2Frestauracja%2Ftwoja-impreza%2F&#038;is_video=0&#038;description=\" class=\"no-rd social-share link-hover\" data-djax-exclude=\"true\">Pinterest<\/a><\/li>\n\t\t\t\t\t<\/ul>\n\t\t\t\t<\/div><\/div><div class=\"custom-styles\" data-styles=\".id_169f6447385f522135069946 .post-meta li a, .id_169f6447385f522135069946 .post-meta { color: #ffffff } .id_169f6447385f522135069946 .link-hover:after {background:#ffffff}\"><\/div>[vc_empty_space height=&#8221;280px&#8221;][vc_single_image image=&#8221;1578&#8243; img_size=&#8221;full&#8221; alignment=&#8221;center&#8221;][\/vc_column][vc_column width=&#8221;1\/6&#8243;][\/vc_column][\/vc_row][vc_row full_width=&#8221;stretch_row&#8221; overlay_color=&#8221;rgba(0,0,0,0.01)&#8221; css=&#8221;.vc_custom_1581083222053{background-color: #f7f7f7 !important;}&#8221;][vc_column][vc_empty_space height=&#8221;50px&#8221;][\/vc_column][\/vc_row][vc_row full_width=&#8221;stretch_row&#8221; equal_height=&#8221;yes&#8221; content_placement=&#8221;middle&#8221; overlay_color=&#8221;rgba(0,0,0,0.01)&#8221; css=&#8221;.vc_custom_1581083226384{background-color: #f7f7f7 !important;}&#8221;][vc_column width=&#8221;1\/2&#8243;][vc_single_image image=&#8221;693&#8243; img_size=&#8221;large&#8221; onclick=&#8221;zoom&#8221;][\/vc_column][vc_column width=&#8221;1\/2&#8243; css=&#8221;.vc_custom_1484923152964{padding-right: 5% !important;padding-left: 5% !important;}&#8221;][vc_column_text css_animation=&#8221;fadeIn&#8221;]<\/p>\n<p style=\"text-align: center;\"><strong>O restauracji<\/strong><\/p>\n<p><em>Nasza restauracja powsta\u0142a w 2001 roku. Wn\u0119trza naszej restauracji odzwierciedlaj\u0105 miejsca naszego wypoczynku i relaksu w czasie wakacji, kt\u00f3re w \u015bwietle lamp walcz\u0105 z emocjami i gdzie r\u00f3wne \u015bwiat\u0142o \u015bwiec wr\u00f3\u017cy udany zwi\u0105zek. Oferujemy Pa\u0144stwu doskona\u0142\u0105, tradycyjn\u0105 kuchni\u0119 staropolsk\u0105 a tak\u017ce w\u0142osk\u0105. W menu mamy bogat\u0105 ofert\u0119 wy\u015bmienitych potraw <a href=\"https:\/\/starymlynswidnica.pl\/restauracja\/?page_id=5\">-&gt; wi\u0119cej w dziale menu<\/a><\/em><\/p>\n<p><em>Oferujemy tak\u017ce us\u0142ugi cateringowe.<\/em>[\/vc_column_text][\/vc_column][\/vc_row][vc_row full_width=&#8221;stretch_row&#8221; overlay_color=&#8221;rgba(0,0,0,0.01)&#8221; css=&#8221;.vc_custom_1581083222053{background-color: #f7f7f7 !important;}&#8221;][vc_column][vc_empty_space height=&#8221;20px&#8221;][\/vc_column][\/vc_row][vc_row full_width=&#8221;stretch_row&#8221; overlay_color=&#8221;rgba(0,0,0,0.01)&#8221;][vc_column][vc_empty_space height=&#8221;50px&#8221;][\/vc_column][\/vc_row][vc_row full_width=&#8221;stretch_row&#8221; equal_height=&#8221;yes&#8221; content_placement=&#8221;middle&#8221; overlay_color=&#8221;rgba(0,0,0,0.01)&#8221;][vc_column width=&#8221;1\/2&#8243;][vc_column_text css_animation=&#8221;fadeIn&#8221;]<\/p>\n<p style=\"text-align: center;\"><strong>Organizacja imprez<br \/>\n<\/strong><\/p>\n<p><em>Chcia\u0142by\u015b zorganizowa\u0107 styp\u0119? imprez\u0119 urodzinow\u0105? planujesz \u015blub lub jakie\u015b inne wa\u017cne wydarzenie? Zapraszamy do skorzystania z naszych us\u0142ug w tym zakresie. Posiadamy kilka sal na ka\u017cd\u0105 okazj\u0119 &#8211; wi\u0119cej w dziale <a href=\"https:\/\/starymlynswidnica.pl\/restauracja\/?page_id=1001\">Twoja impreza.<\/a><br \/>\n<\/em>[\/vc_column_text][\/vc_column][vc_column width=&#8221;1\/2&#8243; css=&#8221;.vc_custom_1484923152964{padding-right: 5% !important;padding-left: 5% !important;}&#8221;][vc_single_image image=&#8221;715&#8243; img_size=&#8221;large&#8221; onclick=&#8221;zoom&#8221;][\/vc_column][\/vc_row][vc_row full_width=&#8221;stretch_row&#8221; overlay_color=&#8221;rgba(0,0,0,0.01)&#8221;][vc_column][vc_empty_space height=&#8221;20px&#8221;][\/vc_column][\/vc_row][vc_row full_width=&#8221;stretch_row&#8221; overlay_color=&#8221;rgba(0,0,0,0.01)&#8221; css=&#8221;.vc_custom_1581083242375{background-color: #f7f7f7 !important;}&#8221;][vc_column][vc_empty_space height=&#8221;50px&#8221;][\/vc_column][\/vc_row][vc_row full_width=&#8221;stretch_row&#8221; equal_height=&#8221;yes&#8221; content_placement=&#8221;middle&#8221; overlay_color=&#8221;rgba(0,0,0,0.01)&#8221; css=&#8221;.vc_custom_1581083246160{background-color: #f7f7f7 !important;}&#8221;][vc_column width=&#8221;1\/2&#8243; css=&#8221;.vc_custom_1484923152964{padding-right: 5% !important;padding-left: 5% !important;}&#8221;][vc_single_image image=&#8221;729&#8243; img_size=&#8221;large&#8221; onclick=&#8221;zoom&#8221;][\/vc_column][vc_column width=&#8221;1\/2&#8243;][vc_column_text css_animation=&#8221;fadeIn&#8221;]<\/p>\n<p style=\"text-align: center;\"><strong>Rozrywka dla najm\u0142odszych<br \/>\n<\/strong><\/p>\n<p><em>Na terenie restauracji znajduje si\u0119 mn\u00f3stwo atrakcji dla Waszych pociech: plac zabaw wraz z mini boiskiem do gry w pi\u0142k\u0119 no\u017cn\u0105 oraz koszykow\u0105. Dodatkowo specjalnie wydzielona piaskownica i drugi plac zabaw dla tych najmniejszych.<br \/>\n<\/em>[\/vc_column_text][\/vc_column][\/vc_row][vc_row full_width=&#8221;stretch_row&#8221; overlay_color=&#8221;rgba(0,0,0,0.01)&#8221; css=&#8221;.vc_custom_1581083242375{background-color: #f7f7f7 !important;}&#8221;][vc_column][vc_empty_space height=&#8221;20px&#8221;][\/vc_column][\/vc_row][vc_row full_width=&#8221;stretch_row&#8221; overlay_color=&#8221;rgba(0,0,0,0.01)&#8221;][vc_column][vc_empty_space height=&#8221;50px&#8221;][\/vc_column][\/vc_row][vc_row full_width=&#8221;stretch_row&#8221; equal_height=&#8221;yes&#8221; content_placement=&#8221;middle&#8221; overlay_color=&#8221;rgba(0,0,0,0.01)&#8221;][vc_column width=&#8221;1\/2&#8243;][vc_column_text css_animation=&#8221;fadeIn&#8221;]<\/p>\n<p style=\"text-align: center;\"><strong>Sala zabaw<br \/>\n<\/strong><\/p>\n<p><em>A gdy pogoda nie dopisuje, zapraszamy najm\u0142odszych<\/em><em> do zabawy w specjalnie wydzielonej, du\u017cej sali zabaw, w kt\u00f3rej ka\u017cda pociecha znajdzie spos\u00f3b na \u015bwietn\u0105 zabaw\u0119 i rozrywk\u0119.<br \/>\n<\/em>[\/vc_column_text][\/vc_column][vc_column width=&#8221;1\/2&#8243; css=&#8221;.vc_custom_1484923152964{padding-right: 5% !important;padding-left: 5% !important;}&#8221;][vc_single_image image=&#8221;1168&#8243; img_size=&#8221;large&#8221; onclick=&#8221;zoom&#8221;][\/vc_column][\/vc_row][vc_row full_width=&#8221;stretch_row&#8221; overlay_color=&#8221;rgba(0,0,0,0.01)&#8221;][vc_column][vc_empty_space height=&#8221;20px&#8221;][\/vc_column][\/vc_row][vc_row full_width=&#8221;stretch_row&#8221; overlay_color=&#8221;rgba(0,0,0,0.01)&#8221; css=&#8221;.vc_custom_1581083260636{background-color: #f7f7f7 !important;}&#8221;][vc_column][vc_empty_space height=&#8221;50px&#8221;][\/vc_column][\/vc_row][vc_row full_width=&#8221;stretch_row&#8221; equal_height=&#8221;yes&#8221; content_placement=&#8221;middle&#8221; overlay_color=&#8221;rgba(0,0,0,0.01)&#8221; css=&#8221;.vc_custom_1581083265980{background-color: #f7f7f7 !important;}&#8221;][vc_column width=&#8221;1\/2&#8243;][vc_single_image image=&#8221;1109&#8243; img_size=&#8221;large&#8221; onclick=&#8221;zoom&#8221;][\/vc_column][vc_column width=&#8221;1\/2&#8243; css=&#8221;.vc_custom_1484923152964{padding-right: 5% !important;padding-left: 5% !important;}&#8221;][vc_column_text css_animation=&#8221;fadeIn&#8221;]<\/p>\n<p style=\"text-align: center;\"><strong>Staw \/ molo<br \/>\n<\/strong><\/p>\n<p><em>W ogrodzie znajduje si\u0119 tak\u017ce staw i molo. Idealne miejsce z niepowtarzalnym klimatem do biesiadowania w sezonie wiosenno \/ letnim. Istnieje mo\u017cliwo\u015b\u0107 grillowania na molo.<\/em>[\/vc_column_text][\/vc_column][\/vc_row][vc_row full_width=&#8221;stretch_row&#8221; overlay_color=&#8221;rgba(0,0,0,0.01)&#8221; css=&#8221;.vc_custom_1581083417895{background-color: #f7f7f7 !important;}&#8221;][vc_column][vc_empty_space height=&#8221;20px&#8221;][\/vc_column][\/vc_row][vc_row full_width=&#8221;stretch_row&#8221; overlay_color=&#8221;rgba(0,0,0,0.01)&#8221;][vc_column][vc_empty_space height=&#8221;50px&#8221;][\/vc_column][\/vc_row][vc_row full_width=&#8221;stretch_row&#8221; equal_height=&#8221;yes&#8221; content_placement=&#8221;middle&#8221; overlay_color=&#8221;rgba(0,0,0,0.01)&#8221;][vc_column width=&#8221;1\/2&#8243; css=&#8221;.vc_custom_1484923152964{padding-right: 5% !important;padding-left: 5% !important;}&#8221;][vc_column_text css_animation=&#8221;fadeIn&#8221;]<\/p>\n<p style=\"text-align: center;\"><strong>Hotel<br \/>\n<\/strong><\/p>\n<p><em>Od 2019 roku mamy zaszczyt prowadzi\u0107 dla naszych klient\u00f3w us\u0142ugi hotelowe. Hotel znajduje si\u0119 na terenie restauracji po drugiej stronie parkingu. Do dyspozycji naszych go\u015bci oddajemy ponad 20 pokoi w r\u00f3\u017cnych konfiguracjach. Idealne uzupe\u0142nienie oferty organizacji wi\u0119kszych imprez jak np. wesele.<br \/>\n<a href=\"https:\/\/www.starymlynswidnica.pl\/hotel\/\" target=\"_blank\" rel=\"noopener noreferrer\">Zajrzyj na stron\u0119 Hotelu Stary M\u0142yn<\/a><br \/>\n<\/em>[\/vc_column_text][\/vc_column][vc_column width=&#8221;1\/2&#8243;][vc_single_image image=&#8221;981&#8243; img_size=&#8221;large&#8221; onclick=&#8221;zoom&#8221;][\/vc_column][\/vc_row][vc_row full_width=&#8221;stretch_row&#8221; overlay_color=&#8221;rgba(0,0,0,0.01)&#8221;][vc_column][vc_empty_space height=&#8221;20px&#8221;][\/vc_column][\/vc_row][vc_row full_width=&#8221;stretch_row&#8221; overlay_color=&#8221;rgba(0,0,0,0.01)&#8221; css=&#8221;.vc_custom_1581083280536{background-color: #f7f7f7 !important;}&#8221;][vc_column][vc_empty_space height=&#8221;50px&#8221;][\/vc_column][\/vc_row][vc_row full_width=&#8221;stretch_row&#8221; equal_height=&#8221;yes&#8221; content_placement=&#8221;middle&#8221; overlay_color=&#8221;rgba(0,0,0,0.01)&#8221; css=&#8221;.vc_custom_1581083285519{background-color: #f7f7f7 !important;}&#8221;][vc_column width=&#8221;1\/2&#8243; css=&#8221;.vc_custom_1484923152964{padding-right: 5% !important;padding-left: 5% !important;}&#8221;][vc_single_image image=&#8221;873&#8243; img_size=&#8221;large&#8221; onclick=&#8221;zoom&#8221;][\/vc_column][vc_column width=&#8221;1\/2&#8243;][vc_column_text css_animation=&#8221;fadeIn&#8221;]<\/p>\n<p style=\"text-align: center;\"><strong>Strzelnica sportowa<br \/>\n<\/strong><\/p>\n<p><em>Strzelnica Sportowa przy Muzeum Broni i Militari\u00f3w w \u015awidnicy serdecznie zaprasza Pa\u0144stwa do alternatywnego sp\u0119dzania czasu na naszych torach strzeleckich. Oferujemy u\u017cyczenie broni sportowej lub bojowej&#8230;<br \/>\n<a href=\"http:\/\/strzelam.pl\/\" target=\"_blank\" rel=\"noopener noreferrer\">Zajrzyj na stron\u0119 Strzelnicy<\/a><br \/>\n<\/em>[\/vc_column_text][\/vc_column][\/vc_row][vc_row full_width=&#8221;stretch_row&#8221; overlay_color=&#8221;rgba(0,0,0,0.01)&#8221; css=&#8221;.vc_custom_1581083280536{background-color: #f7f7f7 !important;}&#8221;][vc_column][vc_empty_space height=&#8221;20px&#8221;][\/vc_column][\/vc_row][vc_row full_width=&#8221;stretch_row&#8221; parallax=&#8221;content-moving-fade&#8221; parallax_image=&#8221;708&#8243; overlay_color=&#8221;rgba(0,0,0,0.35)&#8221; css=&#8221;.vc_custom_1581083697971{padding-top: 90px !important;padding-bottom: 90px !important;}&#8221;][vc_column][vc_empty_space height=&#8221;100px&#8221;]<div class=\"text-center page-header id_169f644738654b1854885010 animate-text alt-h\"><div style=\"color: #ffffff\"><\/p>\n<h3>Zobacz pe\u0142n\u0105 galeri\u0119<\/h3>\n<p><\/div><\/div><div class=\"custom-styles\" data-styles=\".id_169f644738654b1854885010 .post-meta li a, .id_169f644738654b1854885010 .post-meta { color: #ffffff } .id_169f644738654b1854885010 .link-hover:after {background:#ffffff}\"><\/div>[vc_empty_space height=&#8221;20px&#8221;]<div class=\"text-center animate-text\"><a href=\"https:\/\/starymlynswidnica.pl\/restauracja\/?page_id=1018\"  class=\"btn btn-md btn-border-animate btn-light   \">\n\t\t\t\t<span class=\"btn-text \">Zobacz galeri\u0119<span class=\"top button-border\"><\/span>\n\t\t\t\t<span class=\"left left-bottom button-border\"><\/span>\n\t\t\t\t<span class=\"left left-top button-border\"><\/span>\n\t\t\t\t<span class=\"bottom bottom-right button-border\"><\/span>\n\t\t\t\t<span class=\"bottom bottom-left button-border\"><\/span>\n\t\t\t\t<span class=\"right button-border\"><\/span><\/span>\n\t\t\t<\/a><\/div>[vc_empty_space height=&#8221;100px&#8221;][\/vc_column][\/vc_row]<\/p>\n","protected":false},"excerpt":{"rendered":"<p>[vc_row full_width=&#8221;stretch_row&#8221; parallax=&#8221;content-moving&#8221; parallax_image=&#8221;1093&#8243; parallax_speed_bg=&#8221;3.5&#8243; overlay_color=&#8221;rgba(0,0,0,0.68)&#8221;][vc_column width=&#8221;1\/6&#8243;][\/vc_column][vc_column width=&#8221;2\/3&#8243;][vc_empty_space height=&#8221;300px&#8221;][vc_empty_space height=&#8221;280px&#8221;][vc_single_image image=&#8221;1578&#8243; img_size=&#8221;full&#8221; alignment=&#8221;center&#8221;][\/vc_column][vc_column width=&#8221;1\/6&#8243;][\/vc_column][\/vc_row][vc_row full_width=&#8221;stretch_row&#8221; overlay_color=&#8221;rgba(0,0,0,0.01)&#8221; css=&#8221;.vc_custom_1581083222053{background-color: #f7f7f7 !important;}&#8221;][vc_column][vc_empty_space height=&#8221;50px&#8221;][\/vc_column][\/vc_row][vc_row full_width=&#8221;stretch_row&#8221; equal_height=&#8221;yes&#8221; content_placement=&#8221;middle&#8221; overlay_color=&#8221;rgba(0,0,0,0.01)&#8221; css=&#8221;.vc_custom_1581083226384{background-color: #f7f7f7 !important;}&#8221;][vc_column width=&#8221;1\/2&#8243;][vc_single_image image=&#8221;693&#8243; img_size=&#8221;large&#8221; onclick=&#8221;zoom&#8221;][\/vc_column][vc_column width=&#8221;1\/2&#8243; css=&#8221;.vc_custom_1484923152964{padding-right: 5% !important;padding-left: 5% !important;}&#8221;][vc_column_text css_animation=&#8221;fadeIn&#8221;] O restauracji Nasza restauracja powsta\u0142a w 2001 roku. Wn\u0119trza naszej restauracji odzwierciedlaj\u0105 miejsca naszego wypoczynku i relaksu [&hellip;]<\/p>\n","protected":false},"author":1,"featured_media":0,"parent":0,"menu_order":0,"comment_status":"closed","ping_status":"closed","template":"","meta":{"om_disable_all_campaigns":false,"_monsterinsights_skip_tracking":false,"_monsterinsights_sitenote_active":false,"_monsterinsights_sitenote_note":"","_monsterinsights_sitenote_category":0},"aioseo_notices":[],"_links":{"self":[{"href":"https:\/\/starymlynswidnica.pl\/restauracja\/wp-json\/wp\/v2\/pages\/973"}],"collection":[{"href":"https:\/\/starymlynswidnica.pl\/restauracja\/wp-json\/wp\/v2\/pages"}],"about":[{"href":"https:\/\/starymlynswidnica.pl\/restauracja\/wp-json\/wp\/v2\/types\/page"}],"author":[{"embeddable":true,"href":"https:\/\/starymlynswidnica.pl\/restauracja\/wp-json\/wp\/v2\/users\/1"}],"replies":[{"embeddable":true,"href":"https:\/\/starymlynswidnica.pl\/restauracja\/wp-json\/wp\/v2\/comments?post=973"}],"version-history":[{"count":33,"href":"https:\/\/starymlynswidnica.pl\/restauracja\/wp-json\/wp\/v2\/pages\/973\/revisions"}],"predecessor-version":[{"id":1919,"href":"https:\/\/starymlynswidnica.pl\/restauracja\/wp-json\/wp\/v2\/pages\/973\/revisions\/1919"}],"wp:attachment":[{"href":"https:\/\/starymlynswidnica.pl\/restauracja\/wp-json\/wp\/v2\/media?parent=973"}],"curies":[{"name":"wp","href":"https:\/\/api.w.org\/{rel}","templated":true}]}}