{"id":61,"date":"2017-01-20T10:07:09","date_gmt":"2017-01-20T10:07:09","guid":{"rendered":"http:\/\/marco.puruno.com\/wp\/1\/home-copy\/"},"modified":"2025-09-23T18:02:23","modified_gmt":"2025-09-23T16:02:23","slug":"home-alt","status":"publish","type":"page","link":"https:\/\/starymlynswidnica.pl\/restauracja\/","title":{"rendered":"Strona g\u0142\u00f3wna"},"content":{"rendered":"<p>[vc_row equal_height=&#8221;yes&#8221; content_placement=&#8221;middle&#8221; overlay_color=&#8221;rgba(0,0,0,0.01)&#8221; css=&#8221;.vc_custom_1485243761347{padding-top: 90px !important;padding-bottom: 45px !important;}&#8221; el_id=&#8221;taste&#8221;][vc_column]<div class=\"text-center page-header id_169f63254cb7d7461647223 animate-text alt-h\"><div style=\"color: #333333\"><\/p>\n<h3>WITAMY!<\/h3>\n<p><\/div><div class=\"post-meta\">\n\t\t\t\t\t<ul>\n\t\t\t\t\t\t<li>Share on:<\/li>\n\t\t\t\t\t\t<li><a href=\"https:\/\/www.facebook.com\/sharer\/sharer.php?u=https%3A%2F%2Fstarymlynswidnica.pl%2Frestauracja%2F\" class=\"no-rd social-share link-hover\" data-djax-exclude=\"true\">Facebook<\/a><\/li>\n\t\t<li><a href=\"https:\/\/www.twitter.com\/share?text=Strona+g%C5%82%C3%B3wna\" class=\"no-rd social-share link-hover\" data-djax-exclude=\"true\">Twitter<\/a><\/li>\n\t\t\n\t\t\n\t\t<li><a href=\"https:\/\/pinterest.com\/pin\/create\/bookmarklet\/?media=&#038;url=https%3A%2F%2Fstarymlynswidnica.pl%2Frestauracja%2F&#038;is_video=0&#038;description=\" class=\"no-rd social-share link-hover\" data-djax-exclude=\"true\">Pinterest<\/a><\/li>\n\t\t\t\t\t<\/ul>\n\t\t\t\t<\/div><\/div><div class=\"custom-styles\" data-styles=\".id_169f63254cb7d7461647223 .post-meta li a, .id_169f63254cb7d7461647223 .post-meta { color: #333333 } .id_169f63254cb7d7461647223 .link-hover:after {background:#333333}\"><\/div>[vc_column_text css_animation=&#8221;fadeInDown&#8221; css=&#8221;.vc_custom_1583178014237{padding-right: 10% !important;padding-left: 10% !important;}&#8221;]<\/p>\n<p style=\"text-align: center;\">Mamy przyjemno\u015b\u0107 zaprosi\u0107 Pa\u0144stwa do naszej restauracji, kt\u00f3ra znajduje si\u0119 na obrze\u017cach, niedaleko centrum \u015awidnicy.<\/p>\n<p style=\"text-align: center;\">Magia tego miejsca polega na tym, \u017ce b\u0119d\u0105c w samym niemal\u017ce centrum miasta jest do dyspozycji plac zabaw dla dzieci, oraz otoczenie dzi\u0119ki kt\u00f3remu mo\u017cna si\u0119 wyciszy\u0107 i zrelaksowa\u0107. Jeste\u015bmy w stanie zaoferowa\u0107 magiczne gdzie czas zwalnia sw\u00f3j bieg&#8230;<\/p>\n<p>[\/vc_column_text][vc_empty_space]<div class=\"text-center animate-text\"><a href=\"\"  class=\"btn btn-sm btn-border-animate btn-dark   \">\n\t\t\t\t<span class=\"btn-text \">O nas<span class=\"top button-border\"><\/span>\n\t\t\t\t<span class=\"left left-bottom button-border\"><\/span>\n\t\t\t\t<span class=\"left left-top button-border\"><\/span>\n\t\t\t\t<span class=\"bottom bottom-right button-border\"><\/span>\n\t\t\t\t<span class=\"bottom bottom-left button-border\"><\/span>\n\t\t\t\t<span class=\"right button-border\"><\/span><\/span>\n\t\t\t<\/a><\/div>[vc_empty_space][vc_row_inner][vc_column_inner][\/vc_column_inner][\/vc_row_inner][vc_row_inner][vc_column_inner width=&#8221;1\/2&#8243; offset=&#8221;vc_col-xs-6&#8243;][\/vc_column_inner][vc_column_inner width=&#8221;1\/2&#8243; offset=&#8221;vc_col-xs-6&#8243;][\/vc_column_inner][\/vc_row_inner][\/vc_column][\/vc_row][vc_row overlay_color=&#8221;rgba(0,0,0,0.01)&#8221; css=&#8221;.vc_custom_1652959979260{background-color: #ffffff !important;}&#8221;][vc_column width=&#8221;1\/2&#8243;][vc_single_image image=&#8221;1114&#8243; img_size=&#8221;medium&#8221; onclick=&#8221;zoom&#8221;][vc_single_image image=&#8221;1116&#8243; img_size=&#8221;medium&#8221; onclick=&#8221;zoom&#8221;][\/vc_column][vc_column width=&#8221;1\/2&#8243;][vc_column_text]<\/p>\n<h3 style=\"text-align: center;\"><em>SZEF KUCHNI POLECA\u00a0<\/em><\/h3>\n<p style=\"text-align: center;\">\u0141OSO\u015a 68,00<br \/>\nna w\u0119dzonej \u015bmietanie, m\u0142ode ziemniaki, sur\u00f3wka z buraka<br \/>\nSALMON with smoked cream, early potatoes, and beetroot salad<\/p>\n<p>&nbsp;<\/p>\n<p style=\"text-align: center;\">\u0141OSO\u015a NA SZPARAGACH 68,00<br \/>\nz sosem koperkowym i m\u0142ode ziemniaki<br \/>\nSALMON with dill sauce and early potatoes[\/vc_column_text][\/vc_column][\/vc_row][vc_row disable_element=&#8221;yes&#8221; overlay_color=&#8221;rgba(0,0,0,0.01)&#8221;][vc_column width=&#8221;1\/2&#8243;][vc_single_image image=&#8221;1114&#8243; img_size=&#8221;medium&#8221; onclick=&#8221;zoom&#8221;][vc_single_image image=&#8221;2130&#8243; img_size=&#8221;full&#8221;][vc_single_image image=&#8221;1116&#8243; img_size=&#8221;medium&#8221; onclick=&#8221;zoom&#8221;][vc_single_image image=&#8221;1120&#8243; img_size=&#8221;medium&#8221; onclick=&#8221;zoom&#8221;][\/vc_column][vc_column width=&#8221;1\/2&#8243;][vc_column_text]<\/p>\n<h3 style=\"text-align: center;\"><strong><em>SZEF KUCHNI POLECA\u00a0<\/em><\/strong><\/h3>\n<p align=\"center\"><strong>DESKA RYB (DLA 2 OS\u00d3B)<\/strong><\/p>\n<p align=\"center\">\u0141oso\u015b, pstr\u0105g, RYBA W TEMPURZE, kalmary, sa\u0142atka ze \u015bwie\u017cych warzyw, ziemniaki pieczone, zimne sosy<br \/>\n96,00<\/p>\n<p align=\"center\"><strong>DESKA CH\u0141OPSKA (DLA 2 OS\u00d3B)<\/strong><\/p>\n<p align=\"center\">Karczek, schab, pier\u015b z kurczaka, pol\u0119dwiczki wieprzowe, kapusta zasma\u017cana, pieczone ziemniaki, pierogi, zimne sosy<br \/>\n96,00[\/vc_column_text][\/vc_column][\/vc_row][vc_row full_width=&#8221;stretch_row&#8221; parallax=&#8221;content-moving&#8221; parallax_image=&#8221;717&#8243; overlay_color=&#8221;rgba(0,0,0,0.58)&#8221;][vc_column][vc_empty_space height=&#8221;200px&#8221;]<div class=\"text-center page-header id_169f63254cc0331171960463 animate-text alt-h\"><div style=\"color: #ffffff\"><\/p>\n<h2>Wsp\u00f3lne biesiadowanie, gdzie smak, jest istot\u0105 dania.<\/h2>\n<p><\/div><div class=\"post-meta\">\n\t\t\t\t\t<ul>\n\t\t\t\t\t\t<li>Share on:<\/li>\n\t\t\t\t\t\t<li><a href=\"https:\/\/www.facebook.com\/sharer\/sharer.php?u=https%3A%2F%2Fstarymlynswidnica.pl%2Frestauracja%2F\" class=\"no-rd social-share link-hover\" data-djax-exclude=\"true\">Facebook<\/a><\/li>\n\t\t<li><a href=\"https:\/\/www.twitter.com\/share?text=Strona+g%C5%82%C3%B3wna\" class=\"no-rd social-share link-hover\" data-djax-exclude=\"true\">Twitter<\/a><\/li>\n\t\t\n\t\t\n\t\t<li><a href=\"https:\/\/pinterest.com\/pin\/create\/bookmarklet\/?media=&#038;url=https%3A%2F%2Fstarymlynswidnica.pl%2Frestauracja%2F&#038;is_video=0&#038;description=\" class=\"no-rd social-share link-hover\" data-djax-exclude=\"true\">Pinterest<\/a><\/li>\n\t\t\t\t\t<\/ul>\n\t\t\t\t<\/div><\/div><div class=\"custom-styles\" data-styles=\".id_169f63254cc0331171960463 .post-meta li a, .id_169f63254cc0331171960463 .post-meta { color: #ffffff } .id_169f63254cc0331171960463 .link-hover:after {background:#ffffff}\"><\/div>[vc_empty_space height=&#8221;200px&#8221;][\/vc_column][\/vc_row][vc_row full_width=&#8221;stretch_row_content&#8221; overlay_color=&#8221;rgba(0,0,0,0.01)&#8221; css=&#8221;.vc_custom_1581065517202{padding-top: 45px !important;padding-bottom: 90px !important;background-color: #f7f7f7 !important;}&#8221;][vc_column width=&#8221;1\/4&#8243;]<div class=\"mosaic-item id_169f63254cc0e21194994159\" data-sm-height=\"200\" data-lg-height=\"530\">\n\t\t\t\t<a class=\"mosaic-link\" href=\"https:\/\/www.starymlynswidnica.pl\/hotel\/\"  >\n\t\t\t\t\t<div class=\"mosaic-img\" style=\"background-image: url(https:\/\/starymlynswidnica.pl\/restauracja\/wp-content\/uploads\/2020\/02\/IMG_3681-1024x683.jpg)\"><\/div>\n\t\t\t\t\t<div class=\"mosaic-info\" style=\"color: #ffffff\">\n\t\t\t\t\t\t<div class=\"mosaic-text\"><p>Zapraszamy na wypoczynek<\/p>\n<\/div>\n\t\t\t\t\t\t<div class=\"mosaic-link\">Hotel<\/div>\n\t\t\t\t\t<\/div>\n\t\t\t\t\t<div class=\"mosaic-item-overlay\"><\/div>\n\t\t\t\t<\/a>\n\t\t\t<\/div><div class=\"custom-styles\" data-styles=\".id_169f63254cc0e21194994159 .mosaic-item-overlay { background: -moz-linear-gradient(top, rgba(0,0,0,0.01) 0%, #111111 100%); background: -webkit-linear-gradient(top,  rgba(0,0,0,0.01) 0%,#111111 100%); background: linear-gradient(to bottom,  rgba(0,0,0,0.01) 0%,#111111 100%); filter: progid:DXImageTransform.Microsoft.gradient( startColorstr='#b3000000', endColorstr='#b3000000',GradientType=0 ); }.id_169f63254cc0e21194994159 .mosaic-info .mosaic-link:after { background: #ffffff; }\"><\/div>[\/vc_column][vc_column width=&#8221;1\/4&#8243;]<div class=\"mosaic-item id_169f63254cc86843547180\" data-sm-height=\"200\" data-lg-height=\"300\">\n\t\t\t\t<a class=\"mosaic-link\" href=\"https:\/\/starymlynswidnica.pl\/restauracja\/?page_id=5\"  >\n\t\t\t\t\t<div class=\"mosaic-img\" style=\"background-image: url(https:\/\/starymlynswidnica.pl\/restauracja\/wp-content\/uploads\/2020\/02\/33AD0-364FC72-35E5-A7BF-DC910441F66F.jpg)\"><\/div>\n\t\t\t\t\t<div class=\"mosaic-info\" style=\"color: #ffffff\">\n\t\t\t\t\t\t\n\t\t\t\t\t\t<div class=\"mosaic-link\">Zobacz nasze menu<\/div>\n\t\t\t\t\t<\/div>\n\t\t\t\t\t<div class=\"mosaic-item-overlay\"><\/div>\n\t\t\t\t<\/a>\n\t\t\t<\/div><div class=\"custom-styles\" data-styles=\".id_169f63254cc86843547180 .mosaic-item-overlay { background: -moz-linear-gradient(top, rgba(0,0,0,0.01) 0%, #111111 100%); background: -webkit-linear-gradient(top,  rgba(0,0,0,0.01) 0%,#111111 100%); background: linear-gradient(to bottom,  rgba(0,0,0,0.01) 0%,#111111 100%); filter: progid:DXImageTransform.Microsoft.gradient( startColorstr='#b3000000', endColorstr='#b3000000',GradientType=0 ); }.id_169f63254cc86843547180 .mosaic-info .mosaic-link:after { background: #ffffff; }\"><\/div><div class=\"mosaic-item id_169f63254ccec71226911856\" data-sm-height=\"200\" data-lg-height=\"200\">\n\t\t\t\t<a class=\"mosaic-link\" href=\"https:\/\/starymlynswidnica.pl\/restauracja\/?page_id=1021\"  >\n\t\t\t\t\t<div class=\"mosaic-img\" style=\"background-image: url(https:\/\/starymlynswidnica.pl\/restauracja\/wp-content\/uploads\/2020\/02\/4-1024x576.jpg)\"><\/div>\n\t\t\t\t\t<div class=\"mosaic-info\" style=\"color: #ffffff\">\n\t\t\t\t\t\t\n\t\t\t\t\t\t<div class=\"mosaic-link\">Kontakt \/ Dojazd<\/div>\n\t\t\t\t\t<\/div>\n\t\t\t\t\t<div class=\"mosaic-item-overlay\"><\/div>\n\t\t\t\t<\/a>\n\t\t\t<\/div><div class=\"custom-styles\" data-styles=\".id_169f63254ccec71226911856 .mosaic-item-overlay { background: -moz-linear-gradient(top, rgba(0,0,0,0.01) 0%, #111111 100%); background: -webkit-linear-gradient(top,  rgba(0,0,0,0.01) 0%,#111111 100%); background: linear-gradient(to bottom,  rgba(0,0,0,0.01) 0%,#111111 100%); filter: progid:DXImageTransform.Microsoft.gradient( startColorstr='#b3000000', endColorstr='#b3000000',GradientType=0 ); }.id_169f63254ccec71226911856 .mosaic-info .mosaic-link:after { background: #ffffff; }\"><\/div>[\/vc_column][vc_column width=&#8221;1\/4&#8243;]<div class=\"mosaic-item id_169f63254cd5521848701553\" data-sm-height=\"200\" data-lg-height=\"200\">\n\t\t\t\t<a class=\"mosaic-link\" href=\"https:\/\/starymlynswidnica.pl\/restauracja\/?page_id=1001\"  >\n\t\t\t\t\t<div class=\"mosaic-img\" style=\"background-image: url(https:\/\/starymlynswidnica.pl\/restauracja\/wp-content\/uploads\/2020\/02\/9EB4F-73CB51F-B1F0-F858-E8781A636499.jpg)\"><\/div>\n\t\t\t\t\t<div class=\"mosaic-info\" style=\"color: #ffffff\">\n\t\t\t\t\t\t\n\t\t\t\t\t\t<div class=\"mosaic-link\">Twoja impreza<\/div>\n\t\t\t\t\t<\/div>\n\t\t\t\t\t<div class=\"mosaic-item-overlay\"><\/div>\n\t\t\t\t<\/a>\n\t\t\t<\/div><div class=\"custom-styles\" data-styles=\".id_169f63254cd5521848701553 .mosaic-item-overlay { background: -moz-linear-gradient(top, rgba(0,0,0,0.01) 0%, #111111 100%); background: -webkit-linear-gradient(top,  rgba(0,0,0,0.01) 0%,#111111 100%); background: linear-gradient(to bottom,  rgba(0,0,0,0.01) 0%,#111111 100%); filter: progid:DXImageTransform.Microsoft.gradient( startColorstr='#b3000000', endColorstr='#b3000000',GradientType=0 ); }.id_169f63254cd5521848701553 .mosaic-info .mosaic-link:after { background: #ffffff; }\"><\/div><div class=\"mosaic-item id_169f63254cdb9f1522096254\" data-sm-height=\"200\" data-lg-height=\"300\">\n\t\t\t\t<a class=\"mosaic-link\" href=\"https:\/\/starymlynswidnica.pl\/restauracja\/?page_id=973\"  >\n\t\t\t\t\t<div class=\"mosaic-img\" style=\"background-image: url(https:\/\/starymlynswidnica.pl\/restauracja\/wp-content\/uploads\/2020\/02\/DJI_0180-1024x682.jpg)\"><\/div>\n\t\t\t\t\t<div class=\"mosaic-info\" style=\"color: #ffffff\">\n\t\t\t\t\t\t\n\t\t\t\t\t\t<div class=\"mosaic-link\">Dodatkowe atrakcje<\/div>\n\t\t\t\t\t<\/div>\n\t\t\t\t\t<div class=\"mosaic-item-overlay\"><\/div>\n\t\t\t\t<\/a>\n\t\t\t<\/div><div class=\"custom-styles\" data-styles=\".id_169f63254cdb9f1522096254 .mosaic-item-overlay { background: -moz-linear-gradient(top, rgba(0,0,0,0.01) 0%, #111111 100%); background: -webkit-linear-gradient(top,  rgba(0,0,0,0.01) 0%,#111111 100%); background: linear-gradient(to bottom,  rgba(0,0,0,0.01) 0%,#111111 100%); filter: progid:DXImageTransform.Microsoft.gradient( startColorstr='#b3000000', endColorstr='#b3000000',GradientType=0 ); }.id_169f63254cdb9f1522096254 .mosaic-info .mosaic-link:after { background: #ffffff; }\"><\/div>[\/vc_column][vc_column width=&#8221;1\/4&#8243;]<div class=\"mosaic-item id_169f63254ce1ec1826029021\" data-sm-height=\"200\" data-lg-height=\"530\">\n\t\t\t\t<a class=\"mosaic-link\" href=\"http:\/\/strzelam.pl\" target='_blank' >\n\t\t\t\t\t<div class=\"mosaic-img\" style=\"background-image: url(https:\/\/starymlynswidnica.pl\/restauracja\/wp-content\/uploads\/2020\/02\/strzelnica-11-1024x683.jpg)\"><\/div>\n\t\t\t\t\t<div class=\"mosaic-info\" style=\"color: #ffffff\">\n\t\t\t\t\t\t<div class=\"mosaic-text\"><p>Strzelnica sportowa<\/p>\n<\/div>\n\t\t\t\t\t\t<div class=\"mosaic-link\">Strzelnica<\/div>\n\t\t\t\t\t<\/div>\n\t\t\t\t\t<div class=\"mosaic-item-overlay\"><\/div>\n\t\t\t\t<\/a>\n\t\t\t<\/div><div class=\"custom-styles\" data-styles=\".id_169f63254ce1ec1826029021 .mosaic-item-overlay { background: -moz-linear-gradient(top, rgba(0,0,0,0.01) 0%, #111111 100%); background: -webkit-linear-gradient(top,  rgba(0,0,0,0.01) 0%,#111111 100%); background: linear-gradient(to bottom,  rgba(0,0,0,0.01) 0%,#111111 100%); filter: progid:DXImageTransform.Microsoft.gradient( startColorstr='#b3000000', endColorstr='#b3000000',GradientType=0 ); }.id_169f63254ce1ec1826029021 .mosaic-info .mosaic-link:after { background: #ffffff; }\"><\/div>[\/vc_column][\/vc_row][vc_row overlay_color=&#8221;rgba(0,0,0,0.01)&#8221;][vc_column][vc_empty_space height=&#8221;100px&#8221; height2=&#8221;62&#8243;]<div class=\"text-center page-header id_169f63254ce84c716292776 animate-text alt-h\"><div style=\"color: #333333\"><\/p>\n<h2>Zarezerwuj stolik ju\u017c teraz!<\/h2>\n<p><\/div><div class=\"post-meta\">\n\t\t\t\t\t<ul>\n\t\t\t\t\t\t<li>Share on:<\/li>\n\t\t\t\t\t\t<li><a href=\"https:\/\/www.facebook.com\/sharer\/sharer.php?u=https%3A%2F%2Fstarymlynswidnica.pl%2Frestauracja%2F\" class=\"no-rd social-share link-hover\" data-djax-exclude=\"true\">Facebook<\/a><\/li>\n\t\t<li><a href=\"https:\/\/www.twitter.com\/share?text=Strona+g%C5%82%C3%B3wna\" class=\"no-rd social-share link-hover\" data-djax-exclude=\"true\">Twitter<\/a><\/li>\n\t\t\n\t\t\n\t\t<li><a href=\"https:\/\/pinterest.com\/pin\/create\/bookmarklet\/?media=&#038;url=https%3A%2F%2Fstarymlynswidnica.pl%2Frestauracja%2F&#038;is_video=0&#038;description=\" class=\"no-rd social-share link-hover\" data-djax-exclude=\"true\">Pinterest<\/a><\/li>\n\t\t\t\t\t<\/ul>\n\t\t\t\t<\/div><\/div><div class=\"custom-styles\" data-styles=\".id_169f63254ce84c716292776 .post-meta li a, .id_169f63254ce84c716292776 .post-meta { color: #333333 } .id_169f63254ce84c716292776 .link-hover:after {background:#333333}\"><\/div>[vc_empty_space height=&#8221;50px&#8221;][vc_row_inner][vc_column_inner width=&#8221;1\/2&#8243;][vc_column_text css=&#8221;.vc_custom_1758643330105{padding-right: 10% !important;padding-left: 10% !important;}&#8221;]<strong>Rezerwacja stolika \/ zamawianie z dowozem<br \/>\n<\/strong><\/p>\n<p>Nic prostszego! Wystarczy zadzwoni\u0107 do nas pod numer 74 857-88-99 w ka\u017cdy dzie\u0144 po godzinie 12:00, lub u\u017cy\u0107 formularza kontaktowego w zak\u0142adce<a href=\"http:\/\/starymlynswidnica.pl\/restauracja\/kontakt\"> kontakt.<\/a><\/p>\n<p>Zamawianie jedzenia na dow\u00f3z tylko telefonicznie.<br \/>\n<span style=\"color: #808080;\">Ka\u017cde opakowanie p\u0142atne 3 z\u0142.<br \/>\nDo ka\u017cdej pizzy sos p\u0142atny 5 z\u0142.<\/span>[\/vc_column_text][vc_empty_space height=&#8221;50px&#8221;][\/vc_column_inner][vc_column_inner width=&#8221;1\/2&#8243;][vc_column_text css=&#8221;.vc_custom_1583233925432{padding-right: 10% !important;padding-left: 10% !important;}&#8221;]<strong>Twoja imreza<br \/>\n<\/strong><\/p>\n<p>Pragniemy zaznaczy\u0107, \u017ce organizujemy wszelkiego rodzaju imprezy. Dysponujemy sze\u015bcioma salami. W tym sal\u0105 na 140 os\u00f3b jak i mniejszymi, kameralnymi salami gwarantuj\u0105cymi prywatno\u015b\u0107.<\/p>\n<p><a href=\"https:\/\/starymlynswidnica.pl\/restauracja\/?page_id=1001\"><em>Zobacz wi\u0119cej<\/em><\/a>[\/vc_column_text][vc_empty_space height=&#8221;50px&#8221;][\/vc_column_inner][\/vc_row_inner][\/vc_column][\/vc_row]<\/p>\n","protected":false},"excerpt":{"rendered":"<p>[vc_row equal_height=&#8221;yes&#8221; content_placement=&#8221;middle&#8221; overlay_color=&#8221;rgba(0,0,0,0.01)&#8221; css=&#8221;.vc_custom_1485243761347{padding-top: 90px !important;padding-bottom: 45px !important;}&#8221; el_id=&#8221;taste&#8221;][vc_column][vc_column_text css_animation=&#8221;fadeInDown&#8221; css=&#8221;.vc_custom_1583178014237{padding-right: 10% !important;padding-left: 10% !important;}&#8221;] Mamy przyjemno\u015b\u0107 zaprosi\u0107 Pa\u0144stwa do naszej restauracji, kt\u00f3ra znajduje si\u0119 na obrze\u017cach, niedaleko centrum \u015awidnicy. Magia tego miejsca polega na tym, \u017ce b\u0119d\u0105c w samym niemal\u017ce centrum miasta jest do dyspozycji plac zabaw dla dzieci, oraz otoczenie dzi\u0119ki kt\u00f3remu [&hellip;]<\/p>\n","protected":false},"author":1,"featured_media":0,"parent":0,"menu_order":0,"comment_status":"closed","ping_status":"closed","template":"page-templates\/home.php","meta":{"om_disable_all_campaigns":false,"_monsterinsights_skip_tracking":false,"_monsterinsights_sitenote_active":false,"_monsterinsights_sitenote_note":"","_monsterinsights_sitenote_category":0},"aioseo_notices":[],"_links":{"self":[{"href":"https:\/\/starymlynswidnica.pl\/restauracja\/wp-json\/wp\/v2\/pages\/61"}],"collection":[{"href":"https:\/\/starymlynswidnica.pl\/restauracja\/wp-json\/wp\/v2\/pages"}],"about":[{"href":"https:\/\/starymlynswidnica.pl\/restauracja\/wp-json\/wp\/v2\/types\/page"}],"author":[{"embeddable":true,"href":"https:\/\/starymlynswidnica.pl\/restauracja\/wp-json\/wp\/v2\/users\/1"}],"replies":[{"embeddable":true,"href":"https:\/\/starymlynswidnica.pl\/restauracja\/wp-json\/wp\/v2\/comments?post=61"}],"version-history":[{"count":76,"href":"https:\/\/starymlynswidnica.pl\/restauracja\/wp-json\/wp\/v2\/pages\/61\/revisions"}],"predecessor-version":[{"id":2244,"href":"https:\/\/starymlynswidnica.pl\/restauracja\/wp-json\/wp\/v2\/pages\/61\/revisions\/2244"}],"wp:attachment":[{"href":"https:\/\/starymlynswidnica.pl\/restauracja\/wp-json\/wp\/v2\/media?parent=61"}],"curies":[{"name":"wp","href":"https:\/\/api.w.org\/{rel}","templated":true}]}}