{"id":1519,"date":"2021-01-12T09:58:43","date_gmt":"2021-01-12T08:58:43","guid":{"rendered":"https:\/\/starymlynswidnica.pl\/restauracja\/?page_id=1519"},"modified":"2025-09-23T17:57:58","modified_gmt":"2025-09-23T15:57:58","slug":"zakaski","status":"publish","type":"page","link":"https:\/\/starymlynswidnica.pl\/restauracja\/zakaski\/","title":{"rendered":"Zak\u0105ski"},"content":{"rendered":"<p>[vc_row full_width=&#8221;stretch_row&#8221; parallax=&#8221;content-moving&#8221; parallax_image=&#8221;1536&#8243; parallax_speed_bg=&#8221;3.5&#8243; overlay_color=&#8221;rgba(0,0,0,0.68)&#8221;][vc_column width=&#8221;1\/6&#8243;][\/vc_column][vc_column width=&#8221;2\/3&#8243;][vc_empty_space height=&#8221;300px&#8221;]<div class=\"text-center page-header id_169f2c1d1d1c802083551028 animate-text alt-h\"><div style=\"color: #ffffff\"><\/p>\n<h2>Zak\u0105ski<\/h2>\n<p><\/div><div class=\"post-meta\">\n\t\t\t\t\t<ul>\n\t\t\t\t\t\t<li>Share on:<\/li>\n\t\t\t\t\t\t<li><a href=\"https:\/\/www.facebook.com\/sharer\/sharer.php?u=https%3A%2F%2Fstarymlynswidnica.pl%2Frestauracja%2Fzakaski%2F\" class=\"no-rd social-share link-hover\" data-djax-exclude=\"true\">Facebook<\/a><\/li>\n\t\t<li><a href=\"https:\/\/www.twitter.com\/share?text=Zak%C4%85ski\" class=\"no-rd social-share link-hover\" data-djax-exclude=\"true\">Twitter<\/a><\/li>\n\t\t\n\t\t\n\t\t<li><a href=\"https:\/\/pinterest.com\/pin\/create\/bookmarklet\/?media=&#038;url=https%3A%2F%2Fstarymlynswidnica.pl%2Frestauracja%2Fzakaski%2F&#038;is_video=0&#038;description=\" class=\"no-rd social-share link-hover\" data-djax-exclude=\"true\">Pinterest<\/a><\/li>\n\t\t\t\t\t<\/ul>\n\t\t\t\t<\/div><\/div><div class=\"custom-styles\" data-styles=\".id_169f2c1d1d1c802083551028 .post-meta li a, .id_169f2c1d1d1c802083551028 .post-meta { color: #ffffff } .id_169f2c1d1d1c802083551028 .link-hover:after {background:#ffffff}\"><\/div>[vc_empty_space height=&#8221;280px&#8221;][vc_single_image image=&#8221;1578&#8243; img_size=&#8221;full&#8221; alignment=&#8221;center&#8221;][\/vc_column][vc_column width=&#8221;1\/6&#8243;][\/vc_column][\/vc_row][vc_row full_width=&#8221;stretch_row&#8221; overlay_color=&#8221;rgba(0,0,0,0.01)&#8221; css=&#8221;.vc_custom_1581083222053{background-color: #f7f7f7 !important;}&#8221;][vc_column][vc_empty_space height=&#8221;50px&#8221;][vc_column_text]<\/p>\n<p style=\"text-align: center;\"><strong>ZAK\u0104SKI<\/strong><br \/>\n(cena za p\u00f3\u0142misek)<\/p>\n<p>&nbsp;<\/p>\n<p style=\"text-align: center;\">Patera swojskich mi\u0119s i w\u0119dlin<br \/>\n100,00 z\u0142<\/p>\n<p style=\"text-align: center;\">Patera ser\u00f3w francuskich z winogronem i orzachami<br \/>\n120,00 z\u0142<\/p>\n<p style=\"text-align: center;\">Sa\u0142atka z grillowanym kurczakiem<br \/>\n80,00 z\u0142<\/p>\n<p style=\"text-align: center;\">Sa\u0142atka z grillowanym kurczakiem<br \/>\n80,00 z\u0142<\/p>\n<p style=\"text-align: center;\">Sa\u0142atka z tu\u0144czykiem<br \/>\n80,00 z\u0142<\/p>\n<p style=\"text-align: center;\">Pikantne grzanki<br \/>\n70,00 z\u0142<\/p>\n<p style=\"text-align: center;\">Sa\u0142atka porowa na li\u015bciach cykorii<br \/>\n70,00 z\u0142<\/p>\n<p style=\"text-align: center;\">Sa\u0142atka z gyrosem<br \/>\n80,00 z\u0142<\/p>\n<p style=\"text-align: center;\">Nale\u015bniki szpinakowe z serkiem zio\u0142owym<br \/>\n70,00 z\u0142<\/p>\n<p style=\"text-align: center;\">Galaretki drobiowe (10 szt.)<br \/>\n70,00 z\u0142<\/p>\n<p style=\"text-align: center;\">Galaretki z goloneczki wieprzowej<br \/>\n70,00 z\u0142<\/p>\n<p style=\"text-align: center;\">Roladki z szynki nadziewane sa\u0142atk\u0105 \u017cydowsk\u0105<br \/>\n70,00 z\u0142<\/p>\n<p style=\"text-align: center;\">Ptysie z musem chrzanowym i w\u0119dzonym \u0142ososiem<br \/>\n100,00 z\u0142<\/p>\n<p style=\"text-align: center;\">W\u0142oska szynka Parme\u0144ska d\u0142ugo dojrzewaj\u0105ca z pomidorem i serkiem mozzarell\u0105<br \/>\n100,00 z\u0142<\/p>\n<p style=\"text-align: center;\">Pieczarki faszerowane mi\u0119skiem zapiekane z \u017c\u00f3\u0142tym serem<br \/>\n80,00 z\u0142<\/p>\n<p style=\"text-align: center;\">Sa\u0142atka jarzynowa na li\u015bciach sa\u0142aty<br \/>\n80,00 z\u0142<\/p>\n<p style=\"text-align: center;\">M\u0142y\u0144skie tatarki<br \/>\n120,00 z\u0142<\/p>\n<p style=\"text-align: center;\">Jajka faszerowane (10 szt.)<br \/>\n70,00 z\u0142<\/p>\n<p style=\"text-align: center;\">\u015alimaczki z ciasta francuskiego<br \/>\n80,00 z\u0142<\/p>\n<p>[\/vc_column_text][\/vc_column][\/vc_row][vc_row full_width=&#8221;stretch_row&#8221; overlay_color=&#8221;rgba(0,0,0,0.01)&#8221; css=&#8221;.vc_custom_1581083222053{background-color: #f7f7f7 !important;}&#8221;][vc_column][vc_empty_space height=&#8221;50px&#8221;][\/vc_column][\/vc_row]<\/p>\n<p>[vc_row full_width=&#8221;stretch_row&#8221; overlay_color=&#8221;rgba(0,0,0,0.01)&#8221;][vc_column width=&#8221;1\/3&#8243; css=&#8221;.vc_custom_1620981263224{margin-bottom: 10px !important;}&#8221;]<div class=\"element-cta cta-bg-img cta-content-light\">\n\t\t\t\t\t<div class=\"image-content img-wrapper\">\n\t\t\t\t\t\t<img width=\"900\" height=\"599\" src=\"https:\/\/starymlynswidnica.pl\/restauracja\/wp-content\/uploads\/2021\/01\/dinner-1284245_1280-1024x682.jpg\" class=\"attachment-large size-large\" alt=\"\" loading=\"lazy\" srcset=\"https:\/\/starymlynswidnica.pl\/restauracja\/wp-content\/uploads\/2021\/01\/dinner-1284245_1280-1024x682.jpg 1024w, https:\/\/starymlynswidnica.pl\/restauracja\/wp-content\/uploads\/2021\/01\/dinner-1284245_1280-300x200.jpg 300w, https:\/\/starymlynswidnica.pl\/restauracja\/wp-content\/uploads\/2021\/01\/dinner-1284245_1280-768x512.jpg 768w, https:\/\/starymlynswidnica.pl\/restauracja\/wp-content\/uploads\/2021\/01\/dinner-1284245_1280-680x454.jpg 680w, https:\/\/starymlynswidnica.pl\/restauracja\/wp-content\/uploads\/2021\/01\/dinner-1284245_1280.jpg 1280w\" sizes=\"(max-width: 900px) 100vw, 900px\" \/>\n\t\t\t\t\t<\/div>\n\t\t\t\t\t<div class=\"cta-overlay\"><\/div>\n\t\t\t\t\t<div class=\"cta-content animate-text loaded-text\" style=\"color: #333333\">\n\t\t\t\t\t\t\n\t\t\t\t\t\t<div class=\"text-center cta-button\"><a href=\"https:\/\/starymlynswidnica.pl\/restauracja\/menu-weselne\/\"  class=\"btn btn-md btn-border-animate btn-light   \">\n\t\t\t\t<span class=\"btn-text \">Menu weselne<span class=\"top button-border\"><\/span>\n\t\t\t\t<span class=\"left left-bottom button-border\"><\/span>\n\t\t\t\t<span class=\"left left-top button-border\"><\/span>\n\t\t\t\t<span class=\"bottom bottom-right button-border\"><\/span>\n\t\t\t\t<span class=\"bottom bottom-left button-border\"><\/span>\n\t\t\t\t<span class=\"right button-border\"><\/span><\/span>\n\t\t\t<\/a><\/div>\n\t\t\t\t\t<\/div>\n\t\t\t\t<\/div>\n\n\t\t[\/vc_column][vc_column width=&#8221;1\/3&#8243; css=&#8221;.vc_custom_1620981271121{margin-bottom: 10px !important;}&#8221;]<div class=\"element-cta cta-bg-img cta-content-light\">\n\t\t\t\t\t<div class=\"image-content img-wrapper\">\n\t\t\t\t\t\t<img width=\"900\" height=\"599\" src=\"https:\/\/starymlynswidnica.pl\/restauracja\/wp-content\/uploads\/2021\/01\/first-communion-4941732_1280-1024x682.jpg\" class=\"attachment-large size-large\" alt=\"\" loading=\"lazy\" srcset=\"https:\/\/starymlynswidnica.pl\/restauracja\/wp-content\/uploads\/2021\/01\/first-communion-4941732_1280-1024x682.jpg 1024w, https:\/\/starymlynswidnica.pl\/restauracja\/wp-content\/uploads\/2021\/01\/first-communion-4941732_1280-300x200.jpg 300w, https:\/\/starymlynswidnica.pl\/restauracja\/wp-content\/uploads\/2021\/01\/first-communion-4941732_1280-768x512.jpg 768w, https:\/\/starymlynswidnica.pl\/restauracja\/wp-content\/uploads\/2021\/01\/first-communion-4941732_1280-680x454.jpg 680w, https:\/\/starymlynswidnica.pl\/restauracja\/wp-content\/uploads\/2021\/01\/first-communion-4941732_1280.jpg 1280w\" sizes=\"(max-width: 900px) 100vw, 900px\" \/>\n\t\t\t\t\t<\/div>\n\t\t\t\t\t<div class=\"cta-overlay\"><\/div>\n\t\t\t\t\t<div class=\"cta-content animate-text loaded-text\" style=\"color: #333333\">\n\t\t\t\t\t\t\n\t\t\t\t\t\t<div class=\"text-center cta-button\"><a href=\"https:\/\/starymlynswidnica.pl\/restauracja\/menu-komunia-2021\/\"  class=\"btn btn-md btn-border-animate btn-light   \">\n\t\t\t\t<span class=\"btn-text \">Komunia<span class=\"top button-border\"><\/span>\n\t\t\t\t<span class=\"left left-bottom button-border\"><\/span>\n\t\t\t\t<span class=\"left left-top button-border\"><\/span>\n\t\t\t\t<span class=\"bottom bottom-right button-border\"><\/span>\n\t\t\t\t<span class=\"bottom bottom-left button-border\"><\/span>\n\t\t\t\t<span class=\"right button-border\"><\/span><\/span>\n\t\t\t<\/a><\/div>\n\t\t\t\t\t<\/div>\n\t\t\t\t<\/div>\n\n\t\t[\/vc_column][vc_column width=&#8221;1\/3&#8243; css=&#8221;.vc_custom_1620981276979{margin-bottom: 10px !important;}&#8221;]<div class=\"element-cta cta-bg-img cta-content-light\">\n\t\t\t\t\t<div class=\"image-content img-wrapper\">\n\t\t\t\t\t\t<img width=\"900\" height=\"599\" src=\"https:\/\/starymlynswidnica.pl\/restauracja\/wp-content\/uploads\/2021\/01\/table-4656327_1280-1-1024x682.jpg\" class=\"attachment-large size-large\" alt=\"\" loading=\"lazy\" srcset=\"https:\/\/starymlynswidnica.pl\/restauracja\/wp-content\/uploads\/2021\/01\/table-4656327_1280-1-1024x682.jpg 1024w, https:\/\/starymlynswidnica.pl\/restauracja\/wp-content\/uploads\/2021\/01\/table-4656327_1280-1-300x200.jpg 300w, https:\/\/starymlynswidnica.pl\/restauracja\/wp-content\/uploads\/2021\/01\/table-4656327_1280-1-768x512.jpg 768w, https:\/\/starymlynswidnica.pl\/restauracja\/wp-content\/uploads\/2021\/01\/table-4656327_1280-1-680x454.jpg 680w, https:\/\/starymlynswidnica.pl\/restauracja\/wp-content\/uploads\/2021\/01\/table-4656327_1280-1.jpg 1280w\" sizes=\"(max-width: 900px) 100vw, 900px\" \/>\n\t\t\t\t\t<\/div>\n\t\t\t\t\t<div class=\"cta-overlay\"><\/div>\n\t\t\t\t\t<div class=\"cta-content animate-text loaded-text\" style=\"color: #333333\">\n\t\t\t\t\t\t\n\t\t\t\t\t\t<div class=\"text-center cta-button\"><a href=\"https:\/\/starymlynswidnica.pl\/restauracja\/menu-okolicznosciowe\/\"  class=\"btn btn-md btn-border-animate btn-light   \">\n\t\t\t\t<span class=\"btn-text \">Menu okoliczno\u015bciowe<span class=\"top button-border\"><\/span>\n\t\t\t\t<span class=\"left left-bottom button-border\"><\/span>\n\t\t\t\t<span class=\"left left-top button-border\"><\/span>\n\t\t\t\t<span class=\"bottom bottom-right button-border\"><\/span>\n\t\t\t\t<span class=\"bottom bottom-left button-border\"><\/span>\n\t\t\t\t<span class=\"right button-border\"><\/span><\/span>\n\t\t\t<\/a><\/div>\n\t\t\t\t\t<\/div>\n\t\t\t\t<\/div>\n\n\t\t[\/vc_column][\/vc_row][vc_row overlay_color=&#8221;rgba(0,0,0,0.01)&#8221;][vc_column][vc_empty_space height=&#8221;20px&#8221; height2=&#8221;0px&#8221;][\/vc_column][\/vc_row][vc_row full_width=&#8221;stretch_row&#8221; overlay_color=&#8221;rgba(0,0,0,0.01)&#8221;][vc_column width=&#8221;1\/3&#8243; css=&#8221;.vc_custom_1620981287240{margin-bottom: 10px !important;}&#8221;]<div class=\"element-cta cta-bg-img cta-content-light\">\n\t\t\t\t\t<div class=\"image-content img-wrapper\">\n\t\t\t\t\t\t<img width=\"900\" height=\"563\" src=\"https:\/\/starymlynswidnica.pl\/restauracja\/wp-content\/uploads\/2021\/05\/steak-2936531_1920-1024x640.jpg\" class=\"attachment-large size-large\" alt=\"\" loading=\"lazy\" srcset=\"https:\/\/starymlynswidnica.pl\/restauracja\/wp-content\/uploads\/2021\/05\/steak-2936531_1920-1024x640.jpg 1024w, https:\/\/starymlynswidnica.pl\/restauracja\/wp-content\/uploads\/2021\/05\/steak-2936531_1920-300x188.jpg 300w, https:\/\/starymlynswidnica.pl\/restauracja\/wp-content\/uploads\/2021\/05\/steak-2936531_1920-768x480.jpg 768w, https:\/\/starymlynswidnica.pl\/restauracja\/wp-content\/uploads\/2021\/05\/steak-2936531_1920-1536x960.jpg 1536w, https:\/\/starymlynswidnica.pl\/restauracja\/wp-content\/uploads\/2021\/05\/steak-2936531_1920.jpg 1920w\" sizes=\"(max-width: 900px) 100vw, 900px\" \/>\n\t\t\t\t\t<\/div>\n\t\t\t\t\t<div class=\"cta-overlay\"><\/div>\n\t\t\t\t\t<div class=\"cta-content animate-text loaded-text\" style=\"color: #333333\">\n\t\t\t\t\t\t\n\t\t\t\t\t\t<div class=\"text-center cta-button\"><a href=\"https:\/\/starymlynswidnica.pl\/restauracja\/menu-grill\/\"  class=\"btn btn-md btn-border-animate btn-light   \">\n\t\t\t\t<span class=\"btn-text \">Menu Grill<span class=\"top button-border\"><\/span>\n\t\t\t\t<span class=\"left left-bottom button-border\"><\/span>\n\t\t\t\t<span class=\"left left-top button-border\"><\/span>\n\t\t\t\t<span class=\"bottom bottom-right button-border\"><\/span>\n\t\t\t\t<span class=\"bottom bottom-left button-border\"><\/span>\n\t\t\t\t<span class=\"right button-border\"><\/span><\/span>\n\t\t\t<\/a><\/div>\n\t\t\t\t\t<\/div>\n\t\t\t\t<\/div>\n\n\t\t[\/vc_column][vc_column width=&#8221;1\/3&#8243; css=&#8221;.vc_custom_1620981291613{margin-bottom: 10px !important;}&#8221;]<div class=\"element-cta cta-bg-img cta-content-light\">\n\t\t\t\t\t<div class=\"image-content img-wrapper\">\n\t\t\t\t\t\t<img width=\"900\" height=\"599\" src=\"https:\/\/starymlynswidnica.pl\/restauracja\/wp-content\/uploads\/2021\/05\/cupcakes-380178_1920-1024x681.jpg\" class=\"attachment-large size-large\" alt=\"\" loading=\"lazy\" srcset=\"https:\/\/starymlynswidnica.pl\/restauracja\/wp-content\/uploads\/2021\/05\/cupcakes-380178_1920-1024x681.jpg 1024w, https:\/\/starymlynswidnica.pl\/restauracja\/wp-content\/uploads\/2021\/05\/cupcakes-380178_1920-300x199.jpg 300w, https:\/\/starymlynswidnica.pl\/restauracja\/wp-content\/uploads\/2021\/05\/cupcakes-380178_1920-768x510.jpg 768w, https:\/\/starymlynswidnica.pl\/restauracja\/wp-content\/uploads\/2021\/05\/cupcakes-380178_1920-1536x1021.jpg 1536w, https:\/\/starymlynswidnica.pl\/restauracja\/wp-content\/uploads\/2021\/05\/cupcakes-380178_1920-680x454.jpg 680w, https:\/\/starymlynswidnica.pl\/restauracja\/wp-content\/uploads\/2021\/05\/cupcakes-380178_1920.jpg 1920w\" sizes=\"(max-width: 900px) 100vw, 900px\" \/>\n\t\t\t\t\t<\/div>\n\t\t\t\t\t<div class=\"cta-overlay\"><\/div>\n\t\t\t\t\t<div class=\"cta-content animate-text loaded-text\" style=\"color: #333333\">\n\t\t\t\t\t\t\n\t\t\t\t\t\t<div class=\"text-center cta-button\"><a href=\"https:\/\/starymlynswidnica.pl\/restauracja\/menu-dla-szkol-i-na-18-ste-urodziny\/\"  class=\"btn btn-md btn-border-animate btn-light   \">\n\t\t\t\t<span class=\"btn-text \">Menu dla szk\u00f3\u0142 i na 18-ste urodziny<span class=\"top button-border\"><\/span>\n\t\t\t\t<span class=\"left left-bottom button-border\"><\/span>\n\t\t\t\t<span class=\"left left-top button-border\"><\/span>\n\t\t\t\t<span class=\"bottom bottom-right button-border\"><\/span>\n\t\t\t\t<span class=\"bottom bottom-left button-border\"><\/span>\n\t\t\t\t<span class=\"right button-border\"><\/span><\/span>\n\t\t\t<\/a><\/div>\n\t\t\t\t\t<\/div>\n\t\t\t\t<\/div>\n\n\t\t[\/vc_column][vc_column width=&#8221;1\/3&#8243; css=&#8221;.vc_custom_1620981296269{margin-bottom: 10px !important;}&#8221;]<div class=\"element-cta cta-bg-img cta-content-light\">\n\t\t\t\t\t<div class=\"image-content img-wrapper\">\n\t\t\t\t\t\t<img width=\"900\" height=\"601\" src=\"https:\/\/starymlynswidnica.pl\/restauracja\/wp-content\/uploads\/2021\/01\/amin-hasani-_9uns6qJ5y0-unsplash-1024x684.jpg\" class=\"attachment-large size-large\" alt=\"\" loading=\"lazy\" srcset=\"https:\/\/starymlynswidnica.pl\/restauracja\/wp-content\/uploads\/2021\/01\/amin-hasani-_9uns6qJ5y0-unsplash-1024x684.jpg 1024w, https:\/\/starymlynswidnica.pl\/restauracja\/wp-content\/uploads\/2021\/01\/amin-hasani-_9uns6qJ5y0-unsplash-300x200.jpg 300w, https:\/\/starymlynswidnica.pl\/restauracja\/wp-content\/uploads\/2021\/01\/amin-hasani-_9uns6qJ5y0-unsplash-768x513.jpg 768w, https:\/\/starymlynswidnica.pl\/restauracja\/wp-content\/uploads\/2021\/01\/amin-hasani-_9uns6qJ5y0-unsplash-1536x1025.jpg 1536w, https:\/\/starymlynswidnica.pl\/restauracja\/wp-content\/uploads\/2021\/01\/amin-hasani-_9uns6qJ5y0-unsplash-2048x1367.jpg 2048w, https:\/\/starymlynswidnica.pl\/restauracja\/wp-content\/uploads\/2021\/01\/amin-hasani-_9uns6qJ5y0-unsplash-680x454.jpg 680w\" sizes=\"(max-width: 900px) 100vw, 900px\" \/>\n\t\t\t\t\t<\/div>\n\t\t\t\t\t<div class=\"cta-overlay\"><\/div>\n\t\t\t\t\t<div class=\"cta-content animate-text loaded-text\" style=\"color: #333333\">\n\t\t\t\t\t\t\n\t\t\t\t\t\t<div class=\"text-center cta-button\"><a href=\"https:\/\/starymlynswidnica.pl\/restauracja\/zakaski\/\"  class=\"btn btn-md btn-border-animate btn-light   \">\n\t\t\t\t<span class=\"btn-text \">Zak\u0105ski<span class=\"top button-border\"><\/span>\n\t\t\t\t<span class=\"left left-bottom button-border\"><\/span>\n\t\t\t\t<span class=\"left left-top button-border\"><\/span>\n\t\t\t\t<span class=\"bottom bottom-right button-border\"><\/span>\n\t\t\t\t<span class=\"bottom bottom-left button-border\"><\/span>\n\t\t\t\t<span class=\"right button-border\"><\/span><\/span>\n\t\t\t<\/a><\/div>\n\t\t\t\t\t<\/div>\n\t\t\t\t<\/div>\n\n\t\t[\/vc_column][\/vc_row][vc_row][vc_column][vc_empty_space height=&#8221;50px&#8221;][\/vc_column][\/vc_row][vc_row full_width=&#8221;stretch_row&#8221; overlay_color=&#8221;rgba(0,0,0,0.01)&#8221;][vc_column width=&#8221;1\/6&#8243; css=&#8221;.vc_custom_1620981296269{margin-bottom: 10px !important;}&#8221;][\/vc_column][vc_column width=&#8221;1\/3&#8243;]<div class=\"element-cta cta-bg-img cta-content-light\">\n\t\t\t\t\t<div class=\"image-content img-wrapper\">\n\t\t\t\t\t\t<img width=\"900\" height=\"599\" src=\"https:\/\/starymlynswidnica.pl\/restauracja\/wp-content\/uploads\/2024\/11\/chicken-5954894_1280-1024x682.jpg\" class=\"attachment-large size-large\" alt=\"\" loading=\"lazy\" srcset=\"https:\/\/starymlynswidnica.pl\/restauracja\/wp-content\/uploads\/2024\/11\/chicken-5954894_1280-1024x682.jpg 1024w, https:\/\/starymlynswidnica.pl\/restauracja\/wp-content\/uploads\/2024\/11\/chicken-5954894_1280-300x200.jpg 300w, https:\/\/starymlynswidnica.pl\/restauracja\/wp-content\/uploads\/2024\/11\/chicken-5954894_1280-768x512.jpg 768w, https:\/\/starymlynswidnica.pl\/restauracja\/wp-content\/uploads\/2024\/11\/chicken-5954894_1280-680x454.jpg 680w, https:\/\/starymlynswidnica.pl\/restauracja\/wp-content\/uploads\/2024\/11\/chicken-5954894_1280.jpg 1280w\" sizes=\"(max-width: 900px) 100vw, 900px\" \/>\n\t\t\t\t\t<\/div>\n\t\t\t\t\t<div class=\"cta-overlay\"><\/div>\n\t\t\t\t\t<div class=\"cta-content animate-text loaded-text\" style=\"color: #333333\">\n\t\t\t\t\t\t\n\t\t\t\t\t\t<div class=\"text-center cta-button\"><a href=\"https:\/\/starymlynswidnica.pl\/restauracja\/menu-wycieczki-i-szkolenia\/\"  class=\"btn btn-md btn-border-animate btn-light   \">\n\t\t\t\t<span class=\"btn-text \">Menu wycieczki i szkolenia<span class=\"top button-border\"><\/span>\n\t\t\t\t<span class=\"left left-bottom button-border\"><\/span>\n\t\t\t\t<span class=\"left left-top button-border\"><\/span>\n\t\t\t\t<span class=\"bottom bottom-right button-border\"><\/span>\n\t\t\t\t<span class=\"bottom bottom-left button-border\"><\/span>\n\t\t\t\t<span class=\"right button-border\"><\/span><\/span>\n\t\t\t<\/a><\/div>\n\t\t\t\t\t<\/div>\n\t\t\t\t<\/div>\n\n\t\t[\/vc_column][vc_column width=&#8221;1\/3&#8243;]<div class=\"element-cta cta-bg-img cta-content-light\">\n\t\t\t\t\t<div class=\"image-content img-wrapper\">\n\t\t\t\t\t\t<img width=\"900\" height=\"599\" src=\"https:\/\/starymlynswidnica.pl\/restauracja\/wp-content\/uploads\/2025\/09\/happy-birthday-4904779_1280-1024x682.jpg\" class=\"attachment-large size-large\" alt=\"\" loading=\"lazy\" srcset=\"https:\/\/starymlynswidnica.pl\/restauracja\/wp-content\/uploads\/2025\/09\/happy-birthday-4904779_1280-1024x682.jpg 1024w, https:\/\/starymlynswidnica.pl\/restauracja\/wp-content\/uploads\/2025\/09\/happy-birthday-4904779_1280-300x200.jpg 300w, https:\/\/starymlynswidnica.pl\/restauracja\/wp-content\/uploads\/2025\/09\/happy-birthday-4904779_1280-768x512.jpg 768w, https:\/\/starymlynswidnica.pl\/restauracja\/wp-content\/uploads\/2025\/09\/happy-birthday-4904779_1280-680x454.jpg 680w, https:\/\/starymlynswidnica.pl\/restauracja\/wp-content\/uploads\/2025\/09\/happy-birthday-4904779_1280.jpg 1280w\" sizes=\"(max-width: 900px) 100vw, 900px\" \/>\n\t\t\t\t\t<\/div>\n\t\t\t\t\t<div class=\"cta-overlay\"><\/div>\n\t\t\t\t\t<div class=\"cta-content animate-text loaded-text\" style=\"color: #333333\">\n\t\t\t\t\t\t\n\t\t\t\t\t\t<div class=\"text-center cta-button\"><a href=\"https:\/\/starymlynswidnica.pl\/restauracja\/impreza-dla-najmlodszych\/\"  class=\"btn btn-md btn-border-animate btn-light   \">\n\t\t\t\t<span class=\"btn-text \">Impreza dla najm\u0142odszych<span class=\"top button-border\"><\/span>\n\t\t\t\t<span class=\"left left-bottom button-border\"><\/span>\n\t\t\t\t<span class=\"left left-top button-border\"><\/span>\n\t\t\t\t<span class=\"bottom bottom-right button-border\"><\/span>\n\t\t\t\t<span class=\"bottom bottom-left button-border\"><\/span>\n\t\t\t\t<span class=\"right button-border\"><\/span><\/span>\n\t\t\t<\/a><\/div>\n\t\t\t\t\t<\/div>\n\t\t\t\t<\/div>\n\n\t\t[\/vc_column][vc_column width=&#8221;1\/6&#8243;][\/vc_column][\/vc_row]<\/p>\n","protected":false},"excerpt":{"rendered":"<p>[vc_row full_width=&#8221;stretch_row&#8221; parallax=&#8221;content-moving&#8221; parallax_image=&#8221;1536&#8243; parallax_speed_bg=&#8221;3.5&#8243; overlay_color=&#8221;rgba(0,0,0,0.68)&#8221;][vc_column width=&#8221;1\/6&#8243;][\/vc_column][vc_column width=&#8221;2\/3&#8243;][vc_empty_space height=&#8221;300px&#8221;][vc_empty_space height=&#8221;280px&#8221;][vc_single_image image=&#8221;1578&#8243; img_size=&#8221;full&#8221; alignment=&#8221;center&#8221;][\/vc_column][vc_column width=&#8221;1\/6&#8243;][\/vc_column][\/vc_row][vc_row full_width=&#8221;stretch_row&#8221; overlay_color=&#8221;rgba(0,0,0,0.01)&#8221; css=&#8221;.vc_custom_1581083222053{background-color: #f7f7f7 !important;}&#8221;][vc_column][vc_empty_space height=&#8221;50px&#8221;][vc_column_text] ZAK\u0104SKI (cena za p\u00f3\u0142misek) &nbsp; Patera swojskich mi\u0119s i w\u0119dlin 100,00 z\u0142 Patera ser\u00f3w francuskich z winogronem i orzachami 120,00 z\u0142 Sa\u0142atka z grillowanym kurczakiem 80,00 z\u0142 Sa\u0142atka z grillowanym kurczakiem 80,00 z\u0142 Sa\u0142atka z [&hellip;]<\/p>\n","protected":false},"author":1,"featured_media":0,"parent":0,"menu_order":0,"comment_status":"closed","ping_status":"closed","template":"","meta":{"om_disable_all_campaigns":false,"_monsterinsights_skip_tracking":false,"_monsterinsights_sitenote_active":false,"_monsterinsights_sitenote_note":"","_monsterinsights_sitenote_category":0},"aioseo_notices":[],"_links":{"self":[{"href":"https:\/\/starymlynswidnica.pl\/restauracja\/wp-json\/wp\/v2\/pages\/1519"}],"collection":[{"href":"https:\/\/starymlynswidnica.pl\/restauracja\/wp-json\/wp\/v2\/pages"}],"about":[{"href":"https:\/\/starymlynswidnica.pl\/restauracja\/wp-json\/wp\/v2\/types\/page"}],"author":[{"embeddable":true,"href":"https:\/\/starymlynswidnica.pl\/restauracja\/wp-json\/wp\/v2\/users\/1"}],"replies":[{"embeddable":true,"href":"https:\/\/starymlynswidnica.pl\/restauracja\/wp-json\/wp\/v2\/comments?post=1519"}],"version-history":[{"count":21,"href":"https:\/\/starymlynswidnica.pl\/restauracja\/wp-json\/wp\/v2\/pages\/1519\/revisions"}],"predecessor-version":[{"id":2242,"href":"https:\/\/starymlynswidnica.pl\/restauracja\/wp-json\/wp\/v2\/pages\/1519\/revisions\/2242"}],"wp:attachment":[{"href":"https:\/\/starymlynswidnica.pl\/restauracja\/wp-json\/wp\/v2\/media?parent=1519"}],"curies":[{"name":"wp","href":"https:\/\/api.w.org\/{rel}","templated":true}]}}