{"id":1001,"date":"2020-02-07T15:46:59","date_gmt":"2020-02-07T14:46:59","guid":{"rendered":"https:\/\/starymlynswidnica.pl\/restauracja\/?page_id=1001"},"modified":"2025-10-02T15:22:41","modified_gmt":"2025-10-02T13:22:41","slug":"twoja-impreza-2","status":"publish","type":"page","link":"https:\/\/starymlynswidnica.pl\/restauracja\/twoja-impreza-2\/","title":{"rendered":"Twoja impreza"},"content":{"rendered":"<p>[vc_row full_width=&#8221;stretch_row&#8221; parallax=&#8221;content-moving&#8221; parallax_image=&#8221;843&#8243; overlay_color=&#8221;rgba(0,0,0,0.68)&#8221;][vc_column width=&#8221;1\/6&#8243;][\/vc_column][vc_column width=&#8221;2\/3&#8243;][vc_empty_space height=&#8221;250px&#8221;]<div class=\"text-center page-header id_169f8621d158e1548891693 animate-text alt-h\"><div style=\"color: #ffffff\"><\/p>\n<h2>Twoja impreza<\/h2>\n<p><\/div><div class=\"post-meta\">\n\t\t\t\t\t<ul>\n\t\t\t\t\t\t<li>Share on:<\/li>\n\t\t\t\t\t\t<li><a href=\"https:\/\/www.facebook.com\/sharer\/sharer.php?u=https%3A%2F%2Fstarymlynswidnica.pl%2Frestauracja%2Ftwoja-impreza-2%2F\" class=\"no-rd social-share link-hover\" data-djax-exclude=\"true\">Facebook<\/a><\/li>\n\t\t<li><a href=\"https:\/\/www.twitter.com\/share?text=Twoja+impreza\" class=\"no-rd social-share link-hover\" data-djax-exclude=\"true\">Twitter<\/a><\/li>\n\t\t\n\t\t\n\t\t<li><a href=\"https:\/\/pinterest.com\/pin\/create\/bookmarklet\/?media=&#038;url=https%3A%2F%2Fstarymlynswidnica.pl%2Frestauracja%2Ftwoja-impreza-2%2F&#038;is_video=0&#038;description=\" class=\"no-rd social-share link-hover\" data-djax-exclude=\"true\">Pinterest<\/a><\/li>\n\t\t\t\t\t<\/ul>\n\t\t\t\t<\/div><\/div><div class=\"custom-styles\" data-styles=\".id_169f8621d158e1548891693 .post-meta li a, .id_169f8621d158e1548891693 .post-meta { color: #ffffff } .id_169f8621d158e1548891693 .link-hover:after {background:#ffffff}\"><\/div>[vc_empty_space height=&#8221;200px&#8221;][vc_single_image image=&#8221;1578&#8243; img_size=&#8221;full&#8221; alignment=&#8221;center&#8221;][\/vc_column][vc_column width=&#8221;1\/6&#8243;][\/vc_column][\/vc_row][vc_row][vc_column][vc_empty_space height=&#8221;100px&#8221;][vc_row_inner][vc_column_inner width=&#8221;1\/2&#8243;][vc_column_text css_animation=&#8221;fadeIn&#8221;]<\/p>\n<p style=\"text-align: left;\">Posiadamy do dyspozycji \u0142\u0105cznie 6 sal na organizacj\u0119 imprez prywatnych. Wi\u0119cej szczeg\u00f3\u0142\u00f3w oraz przyk\u0142adowe menu poni\u017cej.<\/p>\n<p style=\"text-align: left;\">Masz pytania? Zapraszamy<br \/>\ntel. kom. 517 031 022<br \/>\ntel. kom. 509 964 746<\/p>\n<p>[\/vc_column_text][\/vc_column_inner][vc_column_inner width=&#8221;1\/2&#8243;][\/vc_column_inner][\/vc_row_inner][vc_empty_space height=&#8221;30px&#8221;][vc_row_inner][vc_column_inner][vc_column_text css_animation=&#8221;fadeIn&#8221;]<strong>Organizujemy przyj\u0119cia i imprezy na ka\u017cd\u0105 okazj\u0119:<\/strong><\/p>\n<ul class=\"element-list-table\">\n<li>Wesela<\/li>\n<li>Wigilie<\/li>\n<li>Imprezy firmowe<\/li>\n<li>Wieczory kawalerskie \/ panie\u0144skie<\/li>\n<li>Sylwester \/ Andrzejki<\/li>\n<li>Imprezy urodzinowe \/ jubileuszowe<\/li>\n<li>Stypy<\/li>\n<li>Inne okazje<\/li>\n<\/ul>\n<p>[\/vc_column_text][\/vc_column_inner][\/vc_row_inner][\/vc_column][\/vc_row][vc_row][vc_column][vc_empty_space height=&#8221;50px&#8221;][\/vc_column][\/vc_row][vc_row equal_height=&#8221;yes&#8221; content_placement=&#8221;middle&#8221; overlay_color=&#8221;rgba(0,0,0,0.01)&#8221;][vc_column width=&#8221;1\/2&#8243;][vc_single_image image=&#8221;1004&#8243; img_size=&#8221;large&#8221; onclick=&#8221;zoom&#8221;][\/vc_column][vc_column width=&#8221;1\/2&#8243; css=&#8221;.vc_custom_1484923152964{padding-right: 5% !important;padding-left: 5% !important;}&#8221;][vc_column_text css_animation=&#8221;fadeIn&#8221;]<em>Pragniemy zaznaczy\u0107, \u017ce organizujemy wszelkiego rodzaju imprezy. Dysponujemy sze\u015bcioma salami. W tym sal\u0105 na 140 os\u00f3b, mniejsz\u0105 sal\u0105 na ok. 30 os\u00f3b, sal\u0105 z barem i kominkiem, oraz sal\u0105 na pi\u0119trze. Sala na pierwszym pi\u0119trze pozwala przygotowa\u0107 dyskretne przyj\u0119cie dla ok. 30 os\u00f3b. Dwie sale przy kt\u00f3rych mie\u015bci si\u0119 plac zabaw dla dzieci w dolnej cz\u0119\u015bci restauracji. Jedna z nich pomie\u015bci 30 os\u00f3b, a druga 20 os\u00f3b.<\/em>[\/vc_column_text][\/vc_column][\/vc_row][vc_row][vc_column][vc_empty_space height=&#8221;50px&#8221;][\/vc_column][\/vc_row][vc_row equal_height=&#8221;yes&#8221; content_placement=&#8221;middle&#8221; overlay_color=&#8221;rgba(0,0,0,0.01)&#8221;][vc_column width=&#8221;1\/2&#8243; css=&#8221;.vc_custom_1484923152964{padding-right: 5% !important;padding-left: 5% !important;}&#8221;][vc_column_text css_animation=&#8221;fadeIn&#8221;]<em>Do dyspozycji go\u015bci jest tak\u017ce parking dla 95 samochod\u00f3w. Mo\u017cemy obs\u0142ugiwa\u0107 tak\u017ce zorganizowane wycieczki a dogodny dojazd i blisko\u015b\u0107 centrum miasta pozawala dobrze zaplanowa\u0107 wizyt\u0119 w \u015awidnicy.<\/em>[\/vc_column_text][\/vc_column][vc_column width=&#8221;1\/2&#8243;][vc_single_image image=&#8221;1005&#8243; img_size=&#8221;large&#8221; onclick=&#8221;zoom&#8221;][\/vc_column][\/vc_row][vc_row full_width=&#8221;stretch_row&#8221; overlay_color=&#8221;rgba(0,0,0,0.01)&#8221;][vc_column width=&#8221;1\/3&#8243; css=&#8221;.vc_custom_1620981263224{margin-bottom: 10px !important;}&#8221;]<div class=\"element-cta cta-bg-img cta-content-light\">\n\t\t\t\t\t<div class=\"image-content img-wrapper\">\n\t\t\t\t\t\t<img width=\"900\" height=\"599\" src=\"https:\/\/starymlynswidnica.pl\/restauracja\/wp-content\/uploads\/2021\/01\/dinner-1284245_1280-1024x682.jpg\" class=\"attachment-large size-large\" alt=\"\" loading=\"lazy\" srcset=\"https:\/\/starymlynswidnica.pl\/restauracja\/wp-content\/uploads\/2021\/01\/dinner-1284245_1280-1024x682.jpg 1024w, https:\/\/starymlynswidnica.pl\/restauracja\/wp-content\/uploads\/2021\/01\/dinner-1284245_1280-300x200.jpg 300w, https:\/\/starymlynswidnica.pl\/restauracja\/wp-content\/uploads\/2021\/01\/dinner-1284245_1280-768x512.jpg 768w, https:\/\/starymlynswidnica.pl\/restauracja\/wp-content\/uploads\/2021\/01\/dinner-1284245_1280-680x454.jpg 680w, https:\/\/starymlynswidnica.pl\/restauracja\/wp-content\/uploads\/2021\/01\/dinner-1284245_1280.jpg 1280w\" sizes=\"(max-width: 900px) 100vw, 900px\" \/>\n\t\t\t\t\t<\/div>\n\t\t\t\t\t<div class=\"cta-overlay\"><\/div>\n\t\t\t\t\t<div class=\"cta-content animate-text loaded-text\" style=\"color: #333333\">\n\t\t\t\t\t\t\n\t\t\t\t\t\t<div class=\"text-center cta-button\"><a href=\"https:\/\/starymlynswidnica.pl\/restauracja\/menu-weselne\/\"  class=\"btn btn-md btn-border-animate btn-light   \">\n\t\t\t\t<span class=\"btn-text \">Menu weselne<span class=\"top button-border\"><\/span>\n\t\t\t\t<span class=\"left left-bottom button-border\"><\/span>\n\t\t\t\t<span class=\"left left-top button-border\"><\/span>\n\t\t\t\t<span class=\"bottom bottom-right button-border\"><\/span>\n\t\t\t\t<span class=\"bottom bottom-left button-border\"><\/span>\n\t\t\t\t<span class=\"right button-border\"><\/span><\/span>\n\t\t\t<\/a><\/div>\n\t\t\t\t\t<\/div>\n\t\t\t\t<\/div>\n\n\t\t[\/vc_column][vc_column width=&#8221;1\/3&#8243; css=&#8221;.vc_custom_1620981271121{margin-bottom: 10px !important;}&#8221;]<div class=\"element-cta cta-bg-img cta-content-light\">\n\t\t\t\t\t<div class=\"image-content img-wrapper\">\n\t\t\t\t\t\t<img width=\"900\" height=\"599\" src=\"https:\/\/starymlynswidnica.pl\/restauracja\/wp-content\/uploads\/2021\/01\/first-communion-4941732_1280-1024x682.jpg\" class=\"attachment-large size-large\" alt=\"\" loading=\"lazy\" srcset=\"https:\/\/starymlynswidnica.pl\/restauracja\/wp-content\/uploads\/2021\/01\/first-communion-4941732_1280-1024x682.jpg 1024w, https:\/\/starymlynswidnica.pl\/restauracja\/wp-content\/uploads\/2021\/01\/first-communion-4941732_1280-300x200.jpg 300w, https:\/\/starymlynswidnica.pl\/restauracja\/wp-content\/uploads\/2021\/01\/first-communion-4941732_1280-768x512.jpg 768w, https:\/\/starymlynswidnica.pl\/restauracja\/wp-content\/uploads\/2021\/01\/first-communion-4941732_1280-680x454.jpg 680w, https:\/\/starymlynswidnica.pl\/restauracja\/wp-content\/uploads\/2021\/01\/first-communion-4941732_1280.jpg 1280w\" sizes=\"(max-width: 900px) 100vw, 900px\" \/>\n\t\t\t\t\t<\/div>\n\t\t\t\t\t<div class=\"cta-overlay\"><\/div>\n\t\t\t\t\t<div class=\"cta-content animate-text loaded-text\" style=\"color: #333333\">\n\t\t\t\t\t\t\n\t\t\t\t\t\t<div class=\"text-center cta-button\"><a href=\"https:\/\/starymlynswidnica.pl\/restauracja\/menu-komunia-2021\/\"  class=\"btn btn-md btn-border-animate btn-light   \">\n\t\t\t\t<span class=\"btn-text \">Komunia<span class=\"top button-border\"><\/span>\n\t\t\t\t<span class=\"left left-bottom button-border\"><\/span>\n\t\t\t\t<span class=\"left left-top button-border\"><\/span>\n\t\t\t\t<span class=\"bottom bottom-right button-border\"><\/span>\n\t\t\t\t<span class=\"bottom bottom-left button-border\"><\/span>\n\t\t\t\t<span class=\"right button-border\"><\/span><\/span>\n\t\t\t<\/a><\/div>\n\t\t\t\t\t<\/div>\n\t\t\t\t<\/div>\n\n\t\t[\/vc_column][vc_column width=&#8221;1\/3&#8243; css=&#8221;.vc_custom_1620981276979{margin-bottom: 10px !important;}&#8221;]<div class=\"element-cta cta-bg-img cta-content-light\">\n\t\t\t\t\t<div class=\"image-content img-wrapper\">\n\t\t\t\t\t\t<img width=\"900\" height=\"599\" src=\"https:\/\/starymlynswidnica.pl\/restauracja\/wp-content\/uploads\/2021\/01\/table-4656327_1280-1-1024x682.jpg\" class=\"attachment-large size-large\" alt=\"\" loading=\"lazy\" srcset=\"https:\/\/starymlynswidnica.pl\/restauracja\/wp-content\/uploads\/2021\/01\/table-4656327_1280-1-1024x682.jpg 1024w, https:\/\/starymlynswidnica.pl\/restauracja\/wp-content\/uploads\/2021\/01\/table-4656327_1280-1-300x200.jpg 300w, https:\/\/starymlynswidnica.pl\/restauracja\/wp-content\/uploads\/2021\/01\/table-4656327_1280-1-768x512.jpg 768w, https:\/\/starymlynswidnica.pl\/restauracja\/wp-content\/uploads\/2021\/01\/table-4656327_1280-1-680x454.jpg 680w, https:\/\/starymlynswidnica.pl\/restauracja\/wp-content\/uploads\/2021\/01\/table-4656327_1280-1.jpg 1280w\" sizes=\"(max-width: 900px) 100vw, 900px\" \/>\n\t\t\t\t\t<\/div>\n\t\t\t\t\t<div class=\"cta-overlay\"><\/div>\n\t\t\t\t\t<div class=\"cta-content animate-text loaded-text\" style=\"color: #333333\">\n\t\t\t\t\t\t\n\t\t\t\t\t\t<div class=\"text-center cta-button\"><a href=\"https:\/\/starymlynswidnica.pl\/restauracja\/menu-okolicznosciowe\/\"  class=\"btn btn-md btn-border-animate btn-light   \">\n\t\t\t\t<span class=\"btn-text \">Menu okoliczno\u015bciowe<span class=\"top button-border\"><\/span>\n\t\t\t\t<span class=\"left left-bottom button-border\"><\/span>\n\t\t\t\t<span class=\"left left-top button-border\"><\/span>\n\t\t\t\t<span class=\"bottom bottom-right button-border\"><\/span>\n\t\t\t\t<span class=\"bottom bottom-left button-border\"><\/span>\n\t\t\t\t<span class=\"right button-border\"><\/span><\/span>\n\t\t\t<\/a><\/div>\n\t\t\t\t\t<\/div>\n\t\t\t\t<\/div>\n\n\t\t[\/vc_column][\/vc_row][vc_row overlay_color=&#8221;rgba(0,0,0,0.01)&#8221;][vc_column][vc_empty_space height=&#8221;20px&#8221; height2=&#8221;0px&#8221;][\/vc_column][\/vc_row][vc_row full_width=&#8221;stretch_row&#8221; overlay_color=&#8221;rgba(0,0,0,0.01)&#8221;][vc_column width=&#8221;1\/3&#8243; css=&#8221;.vc_custom_1620981287240{margin-bottom: 10px !important;}&#8221;]<div class=\"element-cta cta-bg-img cta-content-light\">\n\t\t\t\t\t<div class=\"image-content img-wrapper\">\n\t\t\t\t\t\t<img width=\"900\" height=\"563\" src=\"https:\/\/starymlynswidnica.pl\/restauracja\/wp-content\/uploads\/2021\/05\/steak-2936531_1920-1024x640.jpg\" class=\"attachment-large size-large\" alt=\"\" loading=\"lazy\" srcset=\"https:\/\/starymlynswidnica.pl\/restauracja\/wp-content\/uploads\/2021\/05\/steak-2936531_1920-1024x640.jpg 1024w, https:\/\/starymlynswidnica.pl\/restauracja\/wp-content\/uploads\/2021\/05\/steak-2936531_1920-300x188.jpg 300w, https:\/\/starymlynswidnica.pl\/restauracja\/wp-content\/uploads\/2021\/05\/steak-2936531_1920-768x480.jpg 768w, https:\/\/starymlynswidnica.pl\/restauracja\/wp-content\/uploads\/2021\/05\/steak-2936531_1920-1536x960.jpg 1536w, https:\/\/starymlynswidnica.pl\/restauracja\/wp-content\/uploads\/2021\/05\/steak-2936531_1920.jpg 1920w\" sizes=\"(max-width: 900px) 100vw, 900px\" \/>\n\t\t\t\t\t<\/div>\n\t\t\t\t\t<div class=\"cta-overlay\"><\/div>\n\t\t\t\t\t<div class=\"cta-content animate-text loaded-text\" style=\"color: #333333\">\n\t\t\t\t\t\t\n\t\t\t\t\t\t<div class=\"text-center cta-button\"><a href=\"https:\/\/starymlynswidnica.pl\/restauracja\/menu-grill\/\"  class=\"btn btn-md btn-border-animate btn-light   \">\n\t\t\t\t<span class=\"btn-text \">Menu Grill<span class=\"top button-border\"><\/span>\n\t\t\t\t<span class=\"left left-bottom button-border\"><\/span>\n\t\t\t\t<span class=\"left left-top button-border\"><\/span>\n\t\t\t\t<span class=\"bottom bottom-right button-border\"><\/span>\n\t\t\t\t<span class=\"bottom bottom-left button-border\"><\/span>\n\t\t\t\t<span class=\"right button-border\"><\/span><\/span>\n\t\t\t<\/a><\/div>\n\t\t\t\t\t<\/div>\n\t\t\t\t<\/div>\n\n\t\t[\/vc_column][vc_column width=&#8221;1\/3&#8243; css=&#8221;.vc_custom_1620981291613{margin-bottom: 10px !important;}&#8221;]<div class=\"element-cta cta-bg-img cta-content-light\">\n\t\t\t\t\t<div class=\"image-content img-wrapper\">\n\t\t\t\t\t\t<img width=\"900\" height=\"599\" src=\"https:\/\/starymlynswidnica.pl\/restauracja\/wp-content\/uploads\/2021\/05\/cupcakes-380178_1920-1024x681.jpg\" class=\"attachment-large size-large\" alt=\"\" loading=\"lazy\" srcset=\"https:\/\/starymlynswidnica.pl\/restauracja\/wp-content\/uploads\/2021\/05\/cupcakes-380178_1920-1024x681.jpg 1024w, https:\/\/starymlynswidnica.pl\/restauracja\/wp-content\/uploads\/2021\/05\/cupcakes-380178_1920-300x199.jpg 300w, https:\/\/starymlynswidnica.pl\/restauracja\/wp-content\/uploads\/2021\/05\/cupcakes-380178_1920-768x510.jpg 768w, https:\/\/starymlynswidnica.pl\/restauracja\/wp-content\/uploads\/2021\/05\/cupcakes-380178_1920-1536x1021.jpg 1536w, https:\/\/starymlynswidnica.pl\/restauracja\/wp-content\/uploads\/2021\/05\/cupcakes-380178_1920-680x454.jpg 680w, https:\/\/starymlynswidnica.pl\/restauracja\/wp-content\/uploads\/2021\/05\/cupcakes-380178_1920.jpg 1920w\" sizes=\"(max-width: 900px) 100vw, 900px\" \/>\n\t\t\t\t\t<\/div>\n\t\t\t\t\t<div class=\"cta-overlay\"><\/div>\n\t\t\t\t\t<div class=\"cta-content animate-text loaded-text\" style=\"color: #333333\">\n\t\t\t\t\t\t\n\t\t\t\t\t\t<div class=\"text-center cta-button\"><a href=\"https:\/\/starymlynswidnica.pl\/restauracja\/menu-dla-szkol-i-na-18-ste-urodziny\/\"  class=\"btn btn-md btn-border-animate btn-light   \">\n\t\t\t\t<span class=\"btn-text \">Menu dla szk\u00f3\u0142 i na 18-ste urodziny<span class=\"top button-border\"><\/span>\n\t\t\t\t<span class=\"left left-bottom button-border\"><\/span>\n\t\t\t\t<span class=\"left left-top button-border\"><\/span>\n\t\t\t\t<span class=\"bottom bottom-right button-border\"><\/span>\n\t\t\t\t<span class=\"bottom bottom-left button-border\"><\/span>\n\t\t\t\t<span class=\"right button-border\"><\/span><\/span>\n\t\t\t<\/a><\/div>\n\t\t\t\t\t<\/div>\n\t\t\t\t<\/div>\n\n\t\t[\/vc_column][vc_column width=&#8221;1\/3&#8243; css=&#8221;.vc_custom_1620981296269{margin-bottom: 10px !important;}&#8221;]<div class=\"element-cta cta-bg-img cta-content-light\">\n\t\t\t\t\t<div class=\"image-content img-wrapper\">\n\t\t\t\t\t\t<img width=\"900\" height=\"601\" src=\"https:\/\/starymlynswidnica.pl\/restauracja\/wp-content\/uploads\/2021\/01\/amin-hasani-_9uns6qJ5y0-unsplash-1024x684.jpg\" class=\"attachment-large size-large\" alt=\"\" loading=\"lazy\" srcset=\"https:\/\/starymlynswidnica.pl\/restauracja\/wp-content\/uploads\/2021\/01\/amin-hasani-_9uns6qJ5y0-unsplash-1024x684.jpg 1024w, https:\/\/starymlynswidnica.pl\/restauracja\/wp-content\/uploads\/2021\/01\/amin-hasani-_9uns6qJ5y0-unsplash-300x200.jpg 300w, https:\/\/starymlynswidnica.pl\/restauracja\/wp-content\/uploads\/2021\/01\/amin-hasani-_9uns6qJ5y0-unsplash-768x513.jpg 768w, https:\/\/starymlynswidnica.pl\/restauracja\/wp-content\/uploads\/2021\/01\/amin-hasani-_9uns6qJ5y0-unsplash-1536x1025.jpg 1536w, https:\/\/starymlynswidnica.pl\/restauracja\/wp-content\/uploads\/2021\/01\/amin-hasani-_9uns6qJ5y0-unsplash-2048x1367.jpg 2048w, https:\/\/starymlynswidnica.pl\/restauracja\/wp-content\/uploads\/2021\/01\/amin-hasani-_9uns6qJ5y0-unsplash-680x454.jpg 680w\" sizes=\"(max-width: 900px) 100vw, 900px\" \/>\n\t\t\t\t\t<\/div>\n\t\t\t\t\t<div class=\"cta-overlay\"><\/div>\n\t\t\t\t\t<div class=\"cta-content animate-text loaded-text\" style=\"color: #333333\">\n\t\t\t\t\t\t\n\t\t\t\t\t\t<div class=\"text-center cta-button\"><a href=\"https:\/\/starymlynswidnica.pl\/restauracja\/zakaski\/\"  class=\"btn btn-md btn-border-animate btn-light   \">\n\t\t\t\t<span class=\"btn-text \">Zak\u0105ski<span class=\"top button-border\"><\/span>\n\t\t\t\t<span class=\"left left-bottom button-border\"><\/span>\n\t\t\t\t<span class=\"left left-top button-border\"><\/span>\n\t\t\t\t<span class=\"bottom bottom-right button-border\"><\/span>\n\t\t\t\t<span class=\"bottom bottom-left button-border\"><\/span>\n\t\t\t\t<span class=\"right button-border\"><\/span><\/span>\n\t\t\t<\/a><\/div>\n\t\t\t\t\t<\/div>\n\t\t\t\t<\/div>\n\n\t\t[\/vc_column][\/vc_row][vc_row][vc_column][vc_empty_space height=&#8221;50px&#8221;][\/vc_column][\/vc_row][vc_row full_width=&#8221;stretch_row&#8221; overlay_color=&#8221;rgba(0,0,0,0.01)&#8221;][vc_column width=&#8221;1\/6&#8243; css=&#8221;.vc_custom_1620981296269{margin-bottom: 10px !important;}&#8221;][\/vc_column][vc_column width=&#8221;1\/3&#8243;]<div class=\"element-cta cta-bg-img cta-content-light\">\n\t\t\t\t\t<div class=\"image-content img-wrapper\">\n\t\t\t\t\t\t<img width=\"900\" height=\"599\" src=\"https:\/\/starymlynswidnica.pl\/restauracja\/wp-content\/uploads\/2024\/11\/chicken-5954894_1280-1024x682.jpg\" class=\"attachment-large size-large\" alt=\"\" loading=\"lazy\" srcset=\"https:\/\/starymlynswidnica.pl\/restauracja\/wp-content\/uploads\/2024\/11\/chicken-5954894_1280-1024x682.jpg 1024w, https:\/\/starymlynswidnica.pl\/restauracja\/wp-content\/uploads\/2024\/11\/chicken-5954894_1280-300x200.jpg 300w, https:\/\/starymlynswidnica.pl\/restauracja\/wp-content\/uploads\/2024\/11\/chicken-5954894_1280-768x512.jpg 768w, https:\/\/starymlynswidnica.pl\/restauracja\/wp-content\/uploads\/2024\/11\/chicken-5954894_1280-680x454.jpg 680w, https:\/\/starymlynswidnica.pl\/restauracja\/wp-content\/uploads\/2024\/11\/chicken-5954894_1280.jpg 1280w\" sizes=\"(max-width: 900px) 100vw, 900px\" \/>\n\t\t\t\t\t<\/div>\n\t\t\t\t\t<div class=\"cta-overlay\"><\/div>\n\t\t\t\t\t<div class=\"cta-content animate-text loaded-text\" style=\"color: #333333\">\n\t\t\t\t\t\t\n\t\t\t\t\t\t<div class=\"text-center cta-button\"><a href=\"https:\/\/starymlynswidnica.pl\/restauracja\/menu-wycieczki-i-szkolenia\/\"  class=\"btn btn-md btn-border-animate btn-light   \">\n\t\t\t\t<span class=\"btn-text \">Menu wycieczki i szkolenia<span class=\"top button-border\"><\/span>\n\t\t\t\t<span class=\"left left-bottom button-border\"><\/span>\n\t\t\t\t<span class=\"left left-top button-border\"><\/span>\n\t\t\t\t<span class=\"bottom bottom-right button-border\"><\/span>\n\t\t\t\t<span class=\"bottom bottom-left button-border\"><\/span>\n\t\t\t\t<span class=\"right button-border\"><\/span><\/span>\n\t\t\t<\/a><\/div>\n\t\t\t\t\t<\/div>\n\t\t\t\t<\/div>\n\n\t\t[\/vc_column][vc_column width=&#8221;1\/3&#8243;]<div class=\"element-cta cta-bg-img cta-content-light\">\n\t\t\t\t\t<div class=\"image-content img-wrapper\">\n\t\t\t\t\t\t<img width=\"900\" height=\"599\" src=\"https:\/\/starymlynswidnica.pl\/restauracja\/wp-content\/uploads\/2025\/09\/happy-birthday-4904779_1280-1024x682.jpg\" class=\"attachment-large size-large\" alt=\"\" loading=\"lazy\" srcset=\"https:\/\/starymlynswidnica.pl\/restauracja\/wp-content\/uploads\/2025\/09\/happy-birthday-4904779_1280-1024x682.jpg 1024w, https:\/\/starymlynswidnica.pl\/restauracja\/wp-content\/uploads\/2025\/09\/happy-birthday-4904779_1280-300x200.jpg 300w, https:\/\/starymlynswidnica.pl\/restauracja\/wp-content\/uploads\/2025\/09\/happy-birthday-4904779_1280-768x512.jpg 768w, https:\/\/starymlynswidnica.pl\/restauracja\/wp-content\/uploads\/2025\/09\/happy-birthday-4904779_1280-680x454.jpg 680w, https:\/\/starymlynswidnica.pl\/restauracja\/wp-content\/uploads\/2025\/09\/happy-birthday-4904779_1280.jpg 1280w\" sizes=\"(max-width: 900px) 100vw, 900px\" \/>\n\t\t\t\t\t<\/div>\n\t\t\t\t\t<div class=\"cta-overlay\"><\/div>\n\t\t\t\t\t<div class=\"cta-content animate-text loaded-text\" style=\"color: #333333\">\n\t\t\t\t\t\t\n\t\t\t\t\t\t<div class=\"text-center cta-button\"><a href=\"https:\/\/starymlynswidnica.pl\/restauracja\/impreza-dla-najmlodszych\/\"  class=\"btn btn-md btn-border-animate btn-light   \">\n\t\t\t\t<span class=\"btn-text \">IMPREZA DLA NAJM\u0141ODSZYCH<span class=\"top button-border\"><\/span>\n\t\t\t\t<span class=\"left left-bottom button-border\"><\/span>\n\t\t\t\t<span class=\"left left-top button-border\"><\/span>\n\t\t\t\t<span class=\"bottom bottom-right button-border\"><\/span>\n\t\t\t\t<span class=\"bottom bottom-left button-border\"><\/span>\n\t\t\t\t<span class=\"right button-border\"><\/span><\/span>\n\t\t\t<\/a><\/div>\n\t\t\t\t\t<\/div>\n\t\t\t\t<\/div>\n\n\t\t[\/vc_column][vc_column width=&#8221;1\/6&#8243;][\/vc_column][\/vc_row]<\/p>\n","protected":false},"excerpt":{"rendered":"<p>[vc_row full_width=&#8221;stretch_row&#8221; parallax=&#8221;content-moving&#8221; parallax_image=&#8221;843&#8243; overlay_color=&#8221;rgba(0,0,0,0.68)&#8221;][vc_column width=&#8221;1\/6&#8243;][\/vc_column][vc_column width=&#8221;2\/3&#8243;][vc_empty_space height=&#8221;250px&#8221;][vc_empty_space height=&#8221;200px&#8221;][vc_single_image image=&#8221;1578&#8243; img_size=&#8221;full&#8221; alignment=&#8221;center&#8221;][\/vc_column][vc_column width=&#8221;1\/6&#8243;][\/vc_column][\/vc_row][vc_row][vc_column][vc_empty_space height=&#8221;100px&#8221;][vc_row_inner][vc_column_inner width=&#8221;1\/2&#8243;][vc_column_text css_animation=&#8221;fadeIn&#8221;] Posiadamy do dyspozycji \u0142\u0105cznie 6 sal na organizacj\u0119 imprez prywatnych. Wi\u0119cej szczeg\u00f3\u0142\u00f3w oraz przyk\u0142adowe menu poni\u017cej. Masz pytania? Zapraszamy tel. kom. 517 031 022 tel. kom. 509 964 746 [\/vc_column_text][\/vc_column_inner][vc_column_inner width=&#8221;1\/2&#8243;][\/vc_column_inner][\/vc_row_inner][vc_empty_space height=&#8221;30px&#8221;][vc_row_inner][vc_column_inner][vc_column_text css_animation=&#8221;fadeIn&#8221;]Organizujemy przyj\u0119cia i imprezy na ka\u017cd\u0105 okazj\u0119: [&hellip;]<\/p>\n","protected":false},"author":1,"featured_media":0,"parent":0,"menu_order":0,"comment_status":"closed","ping_status":"closed","template":"","meta":{"om_disable_all_campaigns":false,"_monsterinsights_skip_tracking":false,"_monsterinsights_sitenote_active":false,"_monsterinsights_sitenote_note":"","_monsterinsights_sitenote_category":0},"aioseo_notices":[],"_links":{"self":[{"href":"https:\/\/starymlynswidnica.pl\/restauracja\/wp-json\/wp\/v2\/pages\/1001"}],"collection":[{"href":"https:\/\/starymlynswidnica.pl\/restauracja\/wp-json\/wp\/v2\/pages"}],"about":[{"href":"https:\/\/starymlynswidnica.pl\/restauracja\/wp-json\/wp\/v2\/types\/page"}],"author":[{"embeddable":true,"href":"https:\/\/starymlynswidnica.pl\/restauracja\/wp-json\/wp\/v2\/users\/1"}],"replies":[{"embeddable":true,"href":"https:\/\/starymlynswidnica.pl\/restauracja\/wp-json\/wp\/v2\/comments?post=1001"}],"version-history":[{"count":61,"href":"https:\/\/starymlynswidnica.pl\/restauracja\/wp-json\/wp\/v2\/pages\/1001\/revisions"}],"predecessor-version":[{"id":2261,"href":"https:\/\/starymlynswidnica.pl\/restauracja\/wp-json\/wp\/v2\/pages\/1001\/revisions\/2261"}],"wp:attachment":[{"href":"https:\/\/starymlynswidnica.pl\/restauracja\/wp-json\/wp\/v2\/media?parent=1001"}],"curies":[{"name":"wp","href":"https:\/\/api.w.org\/{rel}","templated":true}]}}