{"id":2534,"date":"2019-07-01T14:18:04","date_gmt":"2019-07-01T12:18:04","guid":{"rendered":"https:\/\/puruno.com\/sm\/?page_id=2534"},"modified":"2021-11-11T16:16:06","modified_gmt":"2021-11-11T15:16:06","slug":"strona-glowna","status":"publish","type":"page","link":"https:\/\/starymlynswidnica.pl\/hotel\/","title":{"rendered":"Strona G\u0142\u00f3wna"},"content":{"rendered":"<p>[vc_row full_width=&#8221;stretch_row_content_no_spaces&#8221; gap=&#8221;&#8221; full_height=&#8221;yes&#8221; parallax=&#8221;content-moving&#8221; parallax_image=&#8221;2458,2476,2443&#8243; parallax_speed_bg=&#8221;0.3&#8243; overlay_color=&#8221;rgba(0,0,0,0.4)&#8221; text_color=&#8221;#ffffff&#8221;][vc_column]\n\t\t\t<!-- START mlyn REVOLUTION SLIDER 6.2.15 --><p class=\"rs-p-wp-fix\"><\/p>\n\t\t\t<rs-module-wrap id=\"rev_slider_1_1_wrapper\" data-source=\"gallery\" style=\"background:transparent;padding:0;\">\n\t\t\t\t<rs-module id=\"rev_slider_1_1\" style=\"\" data-version=\"6.2.15\">\n\t\t\t\t\t<rs-slides>\n\t\t\t\t\t\t<rs-slide data-key=\"rs-1\" data-title=\"Slide\" data-anim=\"ei:d;eo:d;s:600;r:0;t:fade;sl:d;\">\n\t\t\t\t\t\t\t<img src=\"\/\/starymlynswidnica.pl\/hotel\/wp-content\/uploads\/2019\/06\/IMG_3673.jpg\" title=\"Strona G\u0142\u00f3wna\" data-panzoom=\"d:10000;ss:100;se:110;os:-20\/-20;\" class=\"rev-slidebg\" data-no-retina>\n<!---->\t\t\t\t\t\t<\/rs-slide>\n\t\t\t\t\t\t<rs-slide data-key=\"rs-2\" data-title=\"Slide\" data-anim=\"ei:d;eo:d;s:600;r:0;t:fade;sl:d;\">\n\t\t\t\t\t\t\t<img src=\"\/\/starymlynswidnica.pl\/hotel\/wp-content\/uploads\/2019\/10\/DJI_0303.jpg\" title=\"Strona G\u0142\u00f3wna\" data-panzoom=\"d:10000;ss:100;se:110;oe:20\/20;\" class=\"rev-slidebg\" data-no-retina>\n<!---->\t\t\t\t\t\t<\/rs-slide>\n\t\t\t\t\t\t<rs-slide data-key=\"rs-3\" data-title=\"Slide\" data-anim=\"ei:d;eo:d;s:600;r:0;t:fade;sl:d;\">\n\t\t\t\t\t\t\t<img src=\"\/\/starymlynswidnica.pl\/hotel\/wp-content\/uploads\/2019\/06\/IMG_3628.jpg\" title=\"Strona G\u0142\u00f3wna\" data-panzoom=\"d:10000;ss:100;se:110;\" class=\"rev-slidebg\" data-no-retina>\n<!---->\t\t\t\t\t\t<\/rs-slide>\n\t\t\t\t\t<\/rs-slides>\n\t\t\t\t\t<rs-static-layers><!--\n\n\t\t\t\t\t\t\t--><rs-layer\n\t\t\t\t\t\t\t\tid=\"slider-1-slide-1-layer-2\" \n\t\t\t\t\t\t\t\tclass=\"rs-layer-static\"\n\t\t\t\t\t\t\t\tdata-type=\"image\"\n\t\t\t\t\t\t\t\tdata-rsp_ch=\"on\"\n\t\t\t\t\t\t\t\tdata-xy=\"x:c;y:c;\"\n\t\t\t\t\t\t\t\tdata-text=\"l:22;a:inherit;\"\n\t\t\t\t\t\t\t\tdata-dim=\"w:741px;h:338px;\"\n\t\t\t\t\t\t\t\tdata-onslides=\"s:1;\"\n\t\t\t\t\t\t\t\tdata-frame_0=\"y:-50px;\"\n\t\t\t\t\t\t\t\tdata-frame_1=\"st:1000;sp:1620;sR:1000;\"\n\t\t\t\t\t\t\t\tdata-frame_999=\"o:0;st:w;sR:6380;\"\n\t\t\t\t\t\t\t\tstyle=\"z-index:6;\"\n\t\t\t\t\t\t\t><img src=\"\/\/starymlynswidnica.pl\/hotel\/wp-content\/uploads\/2019\/07\/hotel_stary_mlyn_logo.png\" width=\"2132\" height=\"973\" data-no-retina> \n\t\t\t\t\t\t\t<\/rs-layer><!--\n\t\t\t\t\t--><\/rs-static-layers>\n\t\t\t\t<\/rs-module>\n\t\t\t\t<script type=\"text\/javascript\">\n\t\t\t\t\tsetREVStartSize({c: 'rev_slider_1_1',rl:[1240,1024,778,480],el:[868],gw:[1240],gh:[868],type:'standard',justify:'',layout:'fullscreen',offsetContainer:'',offset:'',mh:\"0\"});\n\t\t\t\t\tvar\trevapi1,\n\t\t\t\t\t\ttpj;\n\t\t\t\t\tjQuery(function() {\n\t\t\t\t\t\ttpj = jQuery;\n\t\t\t\t\t\trevapi1 = tpj(\"#rev_slider_1_1\")\n\t\t\t\t\t\tif(revapi1==undefined || revapi1.revolution == undefined){\n\t\t\t\t\t\t\trevslider_showDoubleJqueryError(\"rev_slider_1_1\");\n\t\t\t\t\t\t}else{\n\t\t\t\t\t\t\trevapi1.revolution({\n\t\t\t\t\t\t\t\tsliderLayout:\"fullscreen\",\n\t\t\t\t\t\t\t\tvisibilityLevels:\"1240,1024,778,480\",\n\t\t\t\t\t\t\t\tgridwidth:1240,\n\t\t\t\t\t\t\t\tgridheight:868,\n\t\t\t\t\t\t\t\tspinner:\"spinner0\",\n\t\t\t\t\t\t\t\tperspective:600,\n\t\t\t\t\t\t\t\tperspectiveType:\"local\",\n\t\t\t\t\t\t\t\teditorheight:\"868,768,960,720\",\n\t\t\t\t\t\t\t\tresponsiveLevels:\"1240,1024,778,480\",\n\t\t\t\t\t\t\t\tprogressBar:{disableProgressBar:true},\n\t\t\t\t\t\t\t\tnavigation: {\n\t\t\t\t\t\t\t\t\tonHoverStop:false\n\t\t\t\t\t\t\t\t},\n\t\t\t\t\t\t\t\tfallbacks: {\n\t\t\t\t\t\t\t\t\tallowHTML5AutoPlayOnAndroid:true\n\t\t\t\t\t\t\t\t},\n\t\t\t\t\t\t\t});\n\t\t\t\t\t\t}\n\t\t\t\t\t\t\n\t\t\t\t\t});\n\t\t\t\t<\/script>\n\t\t\t<\/rs-module-wrap>\n\t\t\t<!-- END REVOLUTION SLIDER -->\n[\/vc_column][\/vc_row][vc_row gap=&#8221;&#8221; overlay_color=&#8221;#0a1d3b&#8221; text_color=&#8221;#ffffff&#8221; css=&#8221;.vc_custom_1564505288306{margin-top: -93px !important;}&#8221; el_class=&#8221;zindex&#8221;][vc_column][vc_column_text]<div class=\"rokka-hotel-booking booking-style-1 id_169f1bf1bb1f35124887325   \">\n<div id=\"hotel-booking-search-69f1bf1bb201a\" class=\"hotel-booking-search\">\n\t        <h5>Rezerwuj pok\u00f3j<\/h5>\n\t\n    <form name=\"hb-search-form\" action=\"https:\/\/starymlynswidnica.pl\/hotel\/hotel-search\/\"\n          class=\"hb-search-form-69f1bf1bb2019\">\n        <ul class=\"hb-form-table\">\n            <li class=\"hb-form-field\">\n            \t<div>\n\t\t\t\t\t<label>Zameldowanie<\/label>\t                <div class=\"hb-form-field-input hb_input_field\">\n\t                \t<span class=\"day input-date\">29<\/span>\n\t                \t<span class=\"month input-date\">Apr<\/span>\n\t                \t<i class=\"fa fa-angle-down\"><\/i>\n\t                    <input type=\"text\" name=\"check_in_date\" id=\"check_in_date_69f1bf1bb2019\" class=\"hb_input_date_check\" value=\"\"\/>\n\t                <\/div>\n\t            <\/div>\n            <\/li>\n\n            <li class=\"hb-form-field\">\n            \t<div>\n\t\t\t\t\t<label>Wymeldowanie<\/label>\t                <div class=\"hb-form-field-input hb_input_field\">\n\t                \t<span class=\"day input-date\">30<\/span>\n\t                \t<span class=\"month input-date\">Apr<\/span>\n\t                \t<i class=\"fa fa-angle-down\"><\/i>\n\t                    <input type=\"text\" name=\"check_out_date\" id=\"check_out_date_69f1bf1bb2019\"\n\t                           class=\"hb_input_date_check\" value=\"\"\/>\n\t                <\/div>\n\t            <\/div>\n            <\/li>\n\n            <li class=\"hb-form-field\">\n            \t<div>\n\t\t\t\t\t<label>Doro\u015bli<\/label>\t                <div class=\"hb-form-field-input\">\n\t                \t<span class=\"capacity\">1<\/span>\n\t\t\t\t\t\t<select name=\"adults_capacity\" ><option value=\"1\">1<\/option><option value=\"2\">2<\/option><option value=\"3\">3<\/option><option value=\"4\">4<\/option><\/select>\t\t\t\t\t\t<div class=\"hb-select__group\"><span class=\"hb__goup\"><i class=\"fa fa-angle-up\"><\/i><\/span><span class=\"hb__godown\"><i class=\"fa fa-angle-down\"><\/i><\/span><\/div>\n\t                <\/div>\n\t            <\/div>\n            <\/li>\n\n            <li class=\"hb-form-field\">\n            \t<div>\n\t\t\t\t\t<label>Dzieci<\/label>\t                <div class=\"hb-form-field-input\">\n\t                \t<span class=\"capacity\">0<\/span>\n\t\t\t\t\t\t<select name=\"max_child\" ><option value=\"0\" selected=\"selected\">0<\/option><option value=\"1\">1<\/option><option value=\"2\">2<\/option><option value=\"3\">3<\/option><\/select>\t\t\t\t\t\t<div class=\"hb-select__group\"><span class=\"hb__goup\"><i class=\"fa fa-angle-up\"><\/i><\/span><span class=\"hb__godown\"><i class=\"fa fa-angle-down\"><\/i><\/span><\/div>\n\t                <\/div>\n\t            <\/div>\n            <\/li>\n        <\/ul>\n\t\t<input type=\"hidden\" id=\"nonce\" name=\"nonce\" value=\"2a74a1a9cc\" \/><input type=\"hidden\" name=\"_wp_http_referer\" value=\"\/hotel\/wp-json\/wp\/v2\/pages\/2534\" \/>        <input type=\"hidden\" name=\"hotel-booking\" value=\"results\"\/>\n        <input type=\"hidden\" name=\"widget-search\"\n               value=\"\"\/>\n        <input type=\"hidden\" name=\"action\" value=\"hotel_booking_parse_search_params\"\/>\n        <p class=\"hb-submit\">\n            <button class=\"btn btn-solid btn-sm btn-dark\" type=\"submit\">Sprawd\u017a dost\u0119pno\u015b\u0107<\/button>\n        <\/p>\n    <\/form>\n<\/div><\/div><div class=\"custom-styles\" data-styles=\".id_169f1bf1bb1f35124887325.rokka-hotel-booking:not(.booking-style-1) .hotel-booking-search .hb-form-table:after { background-color: ; } .id_169f1bf1bb1f35124887325.rokka-hotel-booking .hotel-booking-search .hb-form-table .hb-form-field { color: ; border-color:  } .id_169f1bf1bb1f35124887325.rokka-hotel-booking.booking-style-1 .hotel-booking-search:after { background-color: ; } .id_169f1bf1bb1f35124887325.rokka-hotel-booking.booking-style-2 .hotel-booking-search .hb-form-table { border-color:  }\"><\/div>[\/vc_column_text][\/vc_column][\/vc_row][vc_row full_width=&#8221;stretch_row&#8221; gap=&#8221;&#8221; overlay_color=&#8221;#f9f8f7&#8243;][vc_column][vc_empty_space height=&#8221;150px&#8221;][vc_row_inner][vc_column_inner width=&#8221;1\/4&#8243;][\/vc_column_inner][vc_column_inner width=&#8221;1\/2&#8243;]<div class=\"heading-with-separator text-center id_169f1bf1bb34fc682275004   wpb_animate_when_almost_visible wpb_fadeInUp fadeInUp \"><div class=\"header-content\">\n\t\t\t<p class=\"h-subheading\"><\/p>\n\t\t\t<h1 class=\"heading  \" style=\"; letter-spacing: 0px; \">NASZE POKOJE<\/h1><\/div><\/div><div class=\"custom-styles\" data-styles=\".id_169f1bf1bb34fc682275004 .heading-decorator-1:before, .id_169f1bf1bb34fc682275004 .heading-decorator-1:after { border-color: }\"><\/div>[vc_column_text]<\/p>\n<p style=\"text-align: center;\"><span style=\"font-size: 18px;\">W naszym hotelu ka\u017cdy znajdzie konfiguracj\u0119 pokoju dopasowan\u0105 do swoich potrzeb. Dwa g\u0142\u00f3wne rodzaje pokoi to <strong>DELUXE<\/strong> i <strong>STANDARD<\/strong>.<br \/>\n<\/span><span style=\"font-size: 18px;\">Wszystkie pokoje mieszcz\u0105 \u0142azienk\u0119, biurko i telewizor z p\u0142askim ekranem. Na miejscu serwowane jest \u015bniadanie kontynentalne lub w formie bufetu. Dla dzieci przygotowano plac zabaw.<\/span><\/p>\n<p>[\/vc_column_text][\/vc_column_inner][vc_column_inner width=&#8221;1\/4&#8243;][\/vc_column_inner][\/vc_row_inner][vc_empty_space height=&#8221;80px&#8221;][vc_row_inner][vc_column_inner width=&#8221;1\/2&#8243; css=&#8221;.vc_custom_1563806961510{margin-bottom: 60px !important;}&#8221;][vc_single_image image=&#8221;2475&#8243; img_size=&#8221;large&#8221; css=&#8221;.vc_custom_1563806990786{margin-bottom: 0px !important;}&#8221;][vc_column_text css=&#8221;.vc_custom_1563806988072{padding-top: 30px !important;padding-bottom: 30px !important;background-color: #ffffff !important;}&#8221;]<\/p>\n<h3 style=\"text-align: center;\">Standard<\/h3>\n<p style=\"text-align: center;\">Pok\u00f3j Dwuosobowy typu Standard z 1 lub 2 \u0142\u00f3\u017ckami<\/p>\n<p>[\/vc_column_text]<div class=\"btn-wrapper text-center id_169f1bf1bb352d1426957816   icon-left \" ><a href=\"https:\/\/starymlynswidnica.pl\/hotel\/rooms\/deluxe-suite\/\"  class=\"btn btn-md btn-dark btn-solid\" data-btn-text=\"Przejd\u017a do pokoju\">Przejd\u017a do pokoju<\/a><\/div>[\/vc_column_inner][vc_column_inner width=&#8221;1\/2&#8243; css=&#8221;.vc_custom_1563376685114{margin-bottom: 60px !important;}&#8221;][vc_single_image image=&#8221;2461&#8243; img_size=&#8221;large&#8221; css=&#8221;.vc_custom_1563807009643{margin-bottom: 0px !important;}&#8221;][vc_column_text css=&#8221;.vc_custom_1563806999320{padding-top: 30px !important;padding-bottom: 30px !important;background-color: #ffffff !important;}&#8221;]<\/p>\n<h3 style=\"text-align: center;\">Deluxe<\/h3>\n<p style=\"text-align: center;\">Pok\u00f3j rodzinny z 2 \u0142\u00f3\u017ckami pojedynczymi i 1 rozk\u0142adan\u0105 sof\u0105<\/p>\n<p>[\/vc_column_text]<div class=\"btn-wrapper text-center id_169f1bf1bb357e341492789   icon-left \" ><a href=\"https:\/\/starymlynswidnica.pl\/hotel\/rooms\/grand-deluxe-suite\/\"  class=\"btn btn-md btn-dark btn-solid\" data-btn-text=\"Przejd\u017a do pokoju\">Przejd\u017a do pokoju<\/a><\/div>[\/vc_column_inner][\/vc_row_inner][\/vc_column][\/vc_row][vc_row full_width=&#8221;stretch_row&#8221; gap=&#8221;&#8221; parallax=&#8221;content-moving&#8221; parallax_image=&#8221;2535&#8243; overlay_color=&#8221;rgba(0,0,0,0.49)&#8221;][vc_column][vc_empty_space height=&#8221;150px&#8221;][vc_row_inner][vc_column_inner width=&#8221;1\/2&#8243;][vc_column_text css_animation=&#8221;fadeInUp&#8221;]<\/p>\n<h2 style=\"text-align: center;\"><span style=\"color: #ffffff;\">HOTEL STARY M\u0141YN\u00a0 WITAMY<\/span><\/h2>\n<p style=\"text-align: center;\"><span style=\"color: #ffffff; font-size: 18px;\">Obiekt Stary M\u0142yn oferuje ogr\u00f3d i wsp\u00f3lny salon. Jest on usytuowany w \u015awidnicy, 2 km od katedry. Na miejscu dost\u0119pna jest restauracja, ca\u0142odobowa recepcja oraz bezp\u0142atne WiFi. Go\u015bcie mog\u0105 korzysta\u0107 z obs\u0142ugi pokoju.<\/span><\/p>\n<p>[\/vc_column_text][\/vc_column_inner][vc_column_inner width=&#8221;1\/2&#8243;][vc_single_image image=&#8221;2478&#8243; img_size=&#8221;1024 X 768&#8243; alignment=&#8221;center&#8221; style=&#8221;vc_box_border_circle&#8221; border_color=&#8221;white&#8221; css_animation=&#8221;fadeInUp&#8221;][\/vc_column_inner][\/vc_row_inner][vc_empty_space height=&#8221;150px&#8221;][\/vc_column][\/vc_row][vc_row full_width=&#8221;stretch_row&#8221; gap=&#8221;&#8221; css=&#8221;.vc_custom_1575623246380{background-color: #f4f4f4 !important;}&#8221;][vc_column][vc_empty_space height=&#8221;100px&#8221;]<div class=\"heading-with-separator text-center id_169f1bf1bb35a52629918   wpb_animate_when_almost_visible wpb_fadeInUp fadeInUp \"><div class=\"header-content\">\n\t\t\t<p class=\"h-subheading\"><\/p>\n\t\t\t<h1 class=\"heading  \" style=\"; letter-spacing: 0px; \">WIRTUALNY SPACER<\/h1><\/div><\/div><div class=\"custom-styles\" data-styles=\".id_169f1bf1bb35a52629918 .heading-decorator-1:before, .id_169f1bf1bb35a52629918 .heading-decorator-1:after { border-color: }\"><\/div>[vc_empty_space height=&#8221;100px&#8221;][vc_raw_html]JTNDaWZyYW1lJTIwc3JjJTNEJTIyaHR0cHMlM0ElMkYlMkZ3d3cuZ29vZ2xlLmNvbSUyRm1hcHMlMkZlbWJlZCUzRnBiJTNEJTIxNHYxNTc1NjIyNDcyOTA1JTIxNm04JTIxMW03JTIxMXNDQW9TTEVGR01WRnBjRkJUVDFOclQweFRaVFZKUlZkRE5uaDVhbVYwVjE4emNYb3ljRWwzWkVKQ1FXeExVRU13JTIxMm0yJTIxMWQ1MC44NTE1MzU2MTE4OTIlMjEyZDE2LjQ5OTUxMjczMjY1MiUyMTNmODMuMjg2MTcwODQ2NjkzNTIlMjE0Zi0zLjA5OTQ5NzMyODQ0OTE0NjUlMjE1ZjAuNzgyMDg2NTk3NDYyNzQ2OSUyMiUyMHdpZHRoJTNEJTIyMTAyNCUyMiUyMGhlaWdodCUzRCUyMjc2OCUyMiUyMGZyYW1lYm9yZGVyJTNEJTIyMCUyMiUyMHN0eWxlJTNEJTIyYm9yZGVyJTNBMCUzQiUyMiUyMGFsbG93ZnVsbHNjcmVlbiUzRCUyMiUyMiUzRSUzQyUyRmlmcmFtZSUzRSUzQ2JyJTIwJTJGJTNFJTBBJTNDc3BhbiUyMHN0eWxlJTNEJTIyZm9udC1zaXplJTNBJTIwMTJweCUzQiUyMGNvbG9yJTNBJTIwJTIzODA4MDgwJTNCJTIyJTNFJUMyJUE5JTIwV3N6ZWxraWUlMjBwcmF3YSUyMHphc3RyemUlQzUlQkNvbmUuJTNDJTJGc3BhbiUzRQ==[\/vc_raw_html][\/vc_column][\/vc_row][vc_row full_width=&#8221;stretch_row&#8221; gap=&#8221;&#8221;][vc_column][vc_column_text]<br \/>\n[\/vc_column_text][vc_empty_space height=&#8221;20px&#8221;][vc_row_inner][vc_column_inner width=&#8221;1\/3&#8243;][vc_icon icon_fontawesome=&#8221;fa fa-phone&#8221; color=&#8221;black&#8221; size=&#8221;xl&#8221; align=&#8221;center&#8221;][vc_column_text el_class=&#8221;info_contact&#8221;]<\/p>\n<h4 style=\"text-align: center;\">TELEFON<\/h4>\n<p style=\"text-align: center;\">+48 74 856 55 55<\/p>\n<p>[\/vc_column_text][\/vc_column_inner][vc_column_inner width=&#8221;1\/3&#8243;][vc_icon icon_fontawesome=&#8221;fa fa-map-marker&#8221; color=&#8221;black&#8221; size=&#8221;xl&#8221; align=&#8221;center&#8221;][vc_column_text el_class=&#8221;info_contact&#8221;]<\/p>\n<h4 style=\"text-align: center;\">ADRES<\/h4>\n<p style=\"text-align: center;\">ul. \u0141\u0105czna 4, 58-100 \u015awidnica<\/p>\n<p>[\/vc_column_text][\/vc_column_inner][vc_column_inner width=&#8221;1\/3&#8243;][vc_icon icon_fontawesome=&#8221;fa fa-envelope&#8221; color=&#8221;black&#8221; size=&#8221;xl&#8221; align=&#8221;center&#8221;][vc_column_text el_class=&#8221;info_contact&#8221;]<\/p>\n<h4 style=\"text-align: center;\">E-MAIL<\/h4>\n<p style=\"text-align: center;\">hotel@starymlynswidnica.pl<\/p>\n<p>[\/vc_column_text][\/vc_column_inner][\/vc_row_inner][vc_empty_space height=&#8221;40px&#8221;][\/vc_column][\/vc_row][vc_row][vc_column width=&#8221;1\/2&#8243;][\/vc_column][vc_column width=&#8221;1\/2&#8243;][\/vc_column][\/vc_row]<\/p>","protected":false},"excerpt":{"rendered":"<p>[vc_row full_width=&#8221;stretch_row_content_no_spaces&#8221; gap=&#8221;&#8221; full_height=&#8221;yes&#8221; parallax=&#8221;content-moving&#8221; parallax_image=&#8221;2458,2476,2443&#8243; parallax_speed_bg=&#8221;0.3&#8243; overlay_color=&#8221;rgba(0,0,0,0.4)&#8221; text_color=&#8221;#ffffff&#8221;][vc_column][\/vc_column][\/vc_row][vc_row gap=&#8221;&#8221; overlay_color=&#8221;#0a1d3b&#8221; text_color=&#8221;#ffffff&#8221; css=&#8221;.vc_custom_1564505288306{margin-top: -93px !important;}&#8221; el_class=&#8221;zindex&#8221;][vc_column][vc_column_text][\/vc_column_text][\/vc_column][\/vc_row][vc_row full_width=&#8221;stretch_row&#8221; gap=&#8221;&#8221; overlay_color=&#8221;#f9f8f7&#8243;][vc_column][vc_empty_space height=&#8221;150px&#8221;][vc_row_inner][vc_column_inner width=&#8221;1\/4&#8243;][\/vc_column_inner][vc_column_inner width=&#8221;1\/2&#8243;][vc_column_text] W naszym hotelu ka\u017cdy znajdzie konfiguracj\u0119 pokoju dopasowan\u0105 do swoich potrzeb. Dwa g\u0142\u00f3wne rodzaje pokoi to DELUXE i STANDARD. Wszystkie pokoje mieszcz\u0105 \u0142azienk\u0119, biurko i telewizor z p\u0142askim ekranem. Na miejscu serwowane jest[&#8230;] <a href=\"https:\/\/starymlynswidnica.pl\/hotel\/\" class=\"more-link\">Continue reading<\/a><\/p>\n","protected":false},"author":1,"featured_media":0,"parent":0,"menu_order":0,"comment_status":"closed","ping_status":"closed","template":"","meta":[],"_links":{"self":[{"href":"https:\/\/starymlynswidnica.pl\/hotel\/wp-json\/wp\/v2\/pages\/2534"}],"collection":[{"href":"https:\/\/starymlynswidnica.pl\/hotel\/wp-json\/wp\/v2\/pages"}],"about":[{"href":"https:\/\/starymlynswidnica.pl\/hotel\/wp-json\/wp\/v2\/types\/page"}],"author":[{"embeddable":true,"href":"https:\/\/starymlynswidnica.pl\/hotel\/wp-json\/wp\/v2\/users\/1"}],"replies":[{"embeddable":true,"href":"https:\/\/starymlynswidnica.pl\/hotel\/wp-json\/wp\/v2\/comments?post=2534"}],"version-history":[{"count":83,"href":"https:\/\/starymlynswidnica.pl\/hotel\/wp-json\/wp\/v2\/pages\/2534\/revisions"}],"predecessor-version":[{"id":2816,"href":"https:\/\/starymlynswidnica.pl\/hotel\/wp-json\/wp\/v2\/pages\/2534\/revisions\/2816"}],"wp:attachment":[{"href":"https:\/\/starymlynswidnica.pl\/hotel\/wp-json\/wp\/v2\/media?parent=2534"}],"curies":[{"name":"wp","href":"https:\/\/api.w.org\/{rel}","templated":true}]}}