{"id":2411,"date":"2019-06-27T11:41:05","date_gmt":"2019-06-27T09:41:05","guid":{"rendered":"https:\/\/puruno.com\/sm\/?page_id=2411"},"modified":"2021-11-11T16:17:52","modified_gmt":"2021-11-11T15:17:52","slug":"kontakt","status":"publish","type":"page","link":"https:\/\/starymlynswidnica.pl\/hotel\/kontakt\/","title":{"rendered":"Kontakt"},"content":{"rendered":"<p>[vc_row full_width=&#8221;stretch_row&#8221; gap=&#8221;&#8221; parallax=&#8221;content-moving&#8221; parallax_image=&#8221;2454&#8243; overlay_color=&#8221;rgba(0,0,0,0.65)&#8221; css=&#8221;.vc_custom_1561720908902{padding-top: 300px !important;padding-bottom: 210px !important;}&#8221;][vc_column]<div class=\"heading-with-separator text-center id_169f1d41415fbf1740081502  vc_custom_1563532053718  wpb_animate_when_almost_visible wpb_fadeInUp fadeInUp mb-0\"><div class=\"header-content\">\n\t\t\t<p class=\"h-subheading\"><\/p>\n\t\t\t<h1 class=\"heading  \" style=\"color: #ffffff; letter-spacing: 0px; \">Kontakt<\/h1><\/div><\/div><div class=\"custom-styles\" data-styles=\".id_169f1d41415fbf1740081502 .heading-decorator-1:before, .id_169f1d41415fbf1740081502 .heading-decorator-1:after { border-color: }\"><\/div>[\/vc_column][\/vc_row][vc_row full_width=&#8221;stretch_row&#8221; gap=&#8221;&#8221; overlay_color=&#8221;rgba(255,255,255,0.95)&#8221; css=&#8221;.vc_custom_1561721302617{padding-top: 120px !important;padding-bottom: 120px !important;}&#8221;][vc_column width=&#8221;5\/12&#8243;][vc_row_inner css=&#8221;.vc_custom_1545119646455{margin-bottom: 40px !important;}&#8221;][vc_column_inner][vc_column_text]<\/p>\n<h3>Hotel\u00a0 Stary M\u0142yn<\/h3>\n<h5>Zapraszamy do kontaktu<\/h5>\n<p>W przypadku jakichkolwiek pyta\u0144 &#8211; zapraszamy do kontaktu. Mo\u017cesz u\u017cy\u0107 formularza kontaktowego na tej stronie, lub skontaktowa\u0107 si\u0119 z nami telefonicznie \/ mailowo. Wszystkie dane kontaktowe znajdziesz poni\u017cej.<\/p>\n<p>Staramy si\u0119 odpowiada\u0107 b\u0142yskawicznie![\/vc_column_text]<ul class=\"member-socials rokka-social-profiles text-left id_169f1d41415ffc2135866715  animate-text social-solid circle\" style=\"font-size: 20px; \" ><li class=\"profile\" style=\"color: #000000\" data-color=\"#000000\"><a href=\"\"><i class=\"fab fa-facebook-f\"><\/i><\/a><\/li><li class=\"profile\" style=\"color: #000000\" data-color=\"#000000\"><a href=\"\"><i class=\"fab fa-tripadvisor\"><\/i><\/a><\/li><li class=\"profile\" style=\"color: #000000\" data-color=\"#000000\"><a href=\"\"><i class=\"fab fa-instagram\"><\/i><\/a><\/li><\/ul><div class=\"custom-styles\" data-styles=\"\"><\/div>[vc_empty_space height=&#8221;20&#8243; height2=&#8221;20&#8243;][\/vc_column_inner][\/vc_row_inner][\/vc_column][vc_column width=&#8221;7\/12&#8243;]<div class=\"heading-with-separator text-left id_169f1d4141602a125961282  vc_custom_1563532069778  \"><div class=\"header-content\">\n\t\t\t<p class=\"h-subheading\"><\/p>\n\t\t\t<h3 class=\"heading  \" style=\"; letter-spacing: 0px; \">Formularz kontaktowy<\/h3><\/div><\/div><div class=\"custom-styles\" data-styles=\".id_169f1d4141602a125961282 .heading-decorator-1:before, .id_169f1d4141602a125961282 .heading-decorator-1:after { border-color: }\"><\/div><div role=\"form\" class=\"wpcf7\" id=\"wpcf7-f932-o1\" lang=\"en-US\" dir=\"ltr\">\n<div class=\"screen-reader-response\"><\/div>\n<form action=\"\/hotel\/wp-json\/wp\/v2\/pages\/2411#wpcf7-f932-o1\" method=\"post\" class=\"wpcf7-form\" novalidate=\"novalidate\">\n<div style=\"display: none;\">\n<input type=\"hidden\" name=\"_wpcf7\" value=\"932\" \/>\n<input type=\"hidden\" name=\"_wpcf7_version\" value=\"5.1.5\" \/>\n<input type=\"hidden\" name=\"_wpcf7_locale\" value=\"en_US\" \/>\n<input type=\"hidden\" name=\"_wpcf7_unit_tag\" value=\"wpcf7-f932-o1\" \/>\n<input type=\"hidden\" name=\"_wpcf7_container_post\" value=\"0\" \/>\n<input type=\"hidden\" name=\"g-recaptcha-response\" value=\"\" \/>\n<\/div>\n<div class=\"fieldset\">\n<p class=\"field-name form-control\"><label>Your Name <span class=\"required\">*<\/span><\/label><span class=\"wpcf7-form-control-wrap your-name\"><input type=\"text\" name=\"your-name\" value=\"\" size=\"40\" class=\"wpcf7-form-control wpcf7-text wpcf7-validates-as-required\" aria-required=\"true\" aria-invalid=\"false\" \/><\/span>\n<p class=\"field-mail  form-control\"><label>Your Email <span class=\"required\">*<\/span><\/label><span class=\"wpcf7-form-control-wrap your-email\"><input type=\"email\" name=\"your-email\" value=\"\" size=\"40\" class=\"wpcf7-form-control wpcf7-text wpcf7-email wpcf7-validates-as-required wpcf7-validates-as-email\" aria-required=\"true\" aria-invalid=\"false\" \/><\/span> <\/p>\n<\/div>\n<p class=\"field-subject  form-control\"><label>Subject<\/label><span class=\"wpcf7-form-control-wrap your-subject\"><input type=\"text\" name=\"your-subject\" value=\"\" size=\"40\" class=\"wpcf7-form-control wpcf7-text\" aria-invalid=\"false\" \/><\/span> <\/p>\n<p class=\"field-message  form-control\"><label>Your Message<\/label><span class=\"wpcf7-form-control-wrap your-message\"><textarea name=\"your-message\" cols=\"40\" rows=\"10\" class=\"wpcf7-form-control wpcf7-textarea\" aria-invalid=\"false\"><\/textarea><\/span> <\/p>\n<p class=\"text-right form-submit\"><input type=\"submit\" value=\"Send\" class=\"wpcf7-form-control wpcf7-submit\" \/><\/p>\n<div class=\"wpcf7-response-output wpcf7-display-none\"><\/div><\/form><\/div><div class=\"btn-wrapper text-left id_169f1d41416a941795607268  button_map icon-right \" ><a href=\"https:\/\/www.google.com\/maps\/place\/stary+mlyn+swidnica\/@50.8438684,16.4885213,15z\/data=!3m1!4b1!4m9!4m8!1m1!4e1!1m5!1m1!1s0x470fb2cc71ea1dab:0xa64d465e8656b81a!2m2!1d16.4997231!2d50.8510932\" target='_blank' class=\"btn btn-lg btn-dark btn-solid\" data-btn-text=\"Znajd\u017a lokalizacj\u0119\">Znajd\u017a lokalizacj\u0119<i class=\"fas fa-map-marker-alt\"><\/i><\/a><\/div>[\/vc_column][\/vc_row][vc_row full_width=&#8221;stretch_row_content_no_spaces&#8221; gap=&#8221;&#8221;][vc_column][vc_gmaps link=&#8221;#E-8_JTNDaWZyYW1lJTIwc3JjJTNEJTIyaHR0cHMlM0ElMkYlMkZ3d3cuZ29vZ2xlLmNvbSUyRm1hcHMlMkZlbWJlZCUzRnBiJTNEJTIxMW0xOCUyMTFtMTIlMjExbTMlMjExZDI1MTguOTIzNzMyNjQwOTU3JTIxMmQxNi40OTc1MzQ0MTU4ODgyNzUlMjEzZDUwLjg1MTA5NjU2NjI5NTg2NSUyMTJtMyUyMTFmMCUyMTJmMCUyMTNmMCUyMTNtMiUyMTFpMTAyNCUyMTJpNzY4JTIxNGYxMy4xJTIxM20zJTIxMW0yJTIxMXMweDQ3MGZiMmNjNzFlYTFkYWIlMjUzQTB4YTY0ZDQ2NWU4NjU2YjgxYSUyMTJzU3RhcnklMkJNJTI1QzUlMjU4MnluJTIxNWUwJTIxM20yJTIxMXNwbCUyMTJzcGwlMjE0djE1NjE2MzAyMTIyMjUlMjE1bTIlMjExc3BsJTIxMnNwbCUyMiUyMHdpZHRoJTNEJTIyNjAwJTIyJTIwaGVpZ2h0JTNEJTIyNDUwJTIyJTIwZnJhbWVib3JkZXIlM0QlMjIwJTIyJTIwc3R5bGUlM0QlMjJib3JkZXIlM0EwJTIyJTIwYWxsb3dmdWxsc2NyZWVuJTNFJTNDJTJGaWZyYW1lJTNF&#8221;][\/vc_column][\/vc_row][vc_row full_width=&#8221;stretch_row_content_no_spaces&#8221; gap=&#8221;&#8221;][vc_column width=&#8221;1\/3&#8243;][vc_icon icon_fontawesome=&#8221;fa fa-phone&#8221; color=&#8221;black&#8221; size=&#8221;xl&#8221; align=&#8221;center&#8221;][vc_column_text el_class=&#8221;info_contact&#8221;]<\/p>\n<h4 style=\"text-align: center;\"><strong>TELEFON<br \/>\n<\/strong><\/h4>\n<p style=\"text-align: center;\">+48 74 856 55 55<\/p>\n<p>[\/vc_column_text][vc_empty_space height=&#8221;20px&#8221;][\/vc_column][vc_column width=&#8221;1\/3&#8243;][vc_icon icon_fontawesome=&#8221;fa fa-map-marker&#8221; color=&#8221;black&#8221; size=&#8221;xl&#8221; align=&#8221;center&#8221;][vc_column_text el_class=&#8221;info_contact&#8221;]<\/p>\n<h4 style=\"text-align: center;\"><strong>ADRES<br \/>\n<\/strong><\/h4>\n<p style=\"text-align: center;\">ul. \u0141\u0105czna 4, 58-100 \u015awidnica<\/p>\n<p>[\/vc_column_text][vc_empty_space height=&#8221;20px&#8221;][\/vc_column][vc_column width=&#8221;1\/3&#8243;][vc_icon icon_fontawesome=&#8221;fa fa-envelope&#8221; color=&#8221;black&#8221; size=&#8221;xl&#8221; align=&#8221;center&#8221;][vc_column_text el_class=&#8221;info_contact&#8221;]<\/p>\n<h4 style=\"text-align: center;\"><strong>E-MAIL<br \/>\n<\/strong><\/h4>\n<p style=\"text-align: center;\">hotel@starymlynswidnica.pl<\/p>\n<p>[\/vc_column_text][vc_empty_space height=&#8221;20px&#8221;][\/vc_column][\/vc_row]<\/p>","protected":false},"excerpt":{"rendered":"<p>[vc_row full_width=&#8221;stretch_row&#8221; gap=&#8221;&#8221; parallax=&#8221;content-moving&#8221; parallax_image=&#8221;2454&#8243; overlay_color=&#8221;rgba(0,0,0,0.65)&#8221; css=&#8221;.vc_custom_1561720908902{padding-top: 300px !important;padding-bottom: 210px !important;}&#8221;][vc_column][\/vc_column][\/vc_row][vc_row full_width=&#8221;stretch_row&#8221; gap=&#8221;&#8221; overlay_color=&#8221;rgba(255,255,255,0.95)&#8221; css=&#8221;.vc_custom_1561721302617{padding-top: 120px !important;padding-bottom: 120px !important;}&#8221;][vc_column width=&#8221;5\/12&#8243;][vc_row_inner css=&#8221;.vc_custom_1545119646455{margin-bottom: 40px !important;}&#8221;][vc_column_inner][vc_column_text] Hotel\u00a0 Stary M\u0142yn Zapraszamy do kontaktu W przypadku jakichkolwiek pyta\u0144 &#8211; zapraszamy do kontaktu. Mo\u017cesz u\u017cy\u0107 formularza kontaktowego na tej stronie, lub skontaktowa\u0107 si\u0119 z nami telefonicznie \/ mailowo. Wszystkie dane kontaktowe[&#8230;] <a href=\"https:\/\/starymlynswidnica.pl\/hotel\/kontakt\/\" class=\"more-link\">Continue reading<\/a><\/p>\n","protected":false},"author":1,"featured_media":0,"parent":0,"menu_order":0,"comment_status":"closed","ping_status":"closed","template":"","meta":[],"_links":{"self":[{"href":"https:\/\/starymlynswidnica.pl\/hotel\/wp-json\/wp\/v2\/pages\/2411"}],"collection":[{"href":"https:\/\/starymlynswidnica.pl\/hotel\/wp-json\/wp\/v2\/pages"}],"about":[{"href":"https:\/\/starymlynswidnica.pl\/hotel\/wp-json\/wp\/v2\/types\/page"}],"author":[{"embeddable":true,"href":"https:\/\/starymlynswidnica.pl\/hotel\/wp-json\/wp\/v2\/users\/1"}],"replies":[{"embeddable":true,"href":"https:\/\/starymlynswidnica.pl\/hotel\/wp-json\/wp\/v2\/comments?post=2411"}],"version-history":[{"count":46,"href":"https:\/\/starymlynswidnica.pl\/hotel\/wp-json\/wp\/v2\/pages\/2411\/revisions"}],"predecessor-version":[{"id":2817,"href":"https:\/\/starymlynswidnica.pl\/hotel\/wp-json\/wp\/v2\/pages\/2411\/revisions\/2817"}],"wp:attachment":[{"href":"https:\/\/starymlynswidnica.pl\/hotel\/wp-json\/wp\/v2\/media?parent=2411"}],"curies":[{"name":"wp","href":"https:\/\/api.w.org\/{rel}","templated":true}]}}